{"id":13802,"date":"2023-11-03T09:50:40","date_gmt":"2023-11-03T09:50:40","guid":{"rendered":"https:\/\/augustaabogados.com\/alumni\/home\/"},"modified":"2024-07-15T15:30:44","modified_gmt":"2024-07-15T15:30:44","slug":"home","status":"publish","type":"page","link":"https:\/\/augustaabogados.com\/alumni\/ca\/","title":{"rendered":"Home"},"content":{"rendered":"\t\t<div data-elementor-type=\"wp-page\" data-elementor-id=\"13802\" class=\"elementor elementor-13802 elementor-211\" data-elementor-post-type=\"page\">\n\t\t\t\t\t\t<section class=\"elementor-section elementor-top-section elementor-element elementor-element-f61ed16 elementor-section-height-min-height elementor-section-items-bottom elementor-section-boxed elementor-section-height-default\" data-id=\"f61ed16\" data-element_type=\"section\" data-e-type=\"section\" data-settings=\"{&quot;background_background&quot;:&quot;classic&quot;}\">\n\t\t\t\t\t\t\t<div class=\"elementor-background-overlay\"><\/div>\n\t\t\t\t\t\t\t<div class=\"elementor-container elementor-column-gap-default\">\n\t\t\t\t\t<div class=\"elementor-column elementor-col-100 elementor-top-column elementor-element elementor-element-c5f69a3\" data-id=\"c5f69a3\" data-element_type=\"column\" data-e-type=\"column\">\n\t\t\t<div class=\"elementor-widget-wrap elementor-element-populated\">\n\t\t\t\t\t\t<section class=\"elementor-section elementor-inner-section elementor-element elementor-element-8ab2c1c elementor-section-full_width elementor-hidden-desktop elementor-section-height-default elementor-section-height-default\" data-id=\"8ab2c1c\" data-element_type=\"section\" data-e-type=\"section\">\n\t\t\t\t\t\t<div class=\"elementor-container elementor-column-gap-default\">\n\t\t\t\t\t<div class=\"elementor-column elementor-col-100 elementor-inner-column elementor-element elementor-element-32e8297\" data-id=\"32e8297\" data-element_type=\"column\" data-e-type=\"column\">\n\t\t\t<div class=\"elementor-widget-wrap elementor-element-populated\">\n\t\t\t\t\t\t<div class=\"elementor-element elementor-element-ca82435 elementor-widget elementor-widget-text-editor\" data-id=\"ca82435\" data-element_type=\"widget\" data-e-type=\"widget\" data-widget_type=\"text-editor.default\">\n\t\t\t\t<div class=\"elementor-widget-container\">\n\t\t\t\t\t\t\t\t\t<p>AUGUSTA ALUMNI<\/p>\n\t\t\t\t\t\t\t\t<\/div>\n\t\t\t\t<\/div>\n\t\t\t\t\t<\/div>\n\t\t<\/div>\n\t\t\t\t\t<\/div>\n\t\t<\/section>\n\t\t\t\t<div class=\"elementor-element elementor-element-ae4f089 elementor-widget elementor-widget-heading\" data-id=\"ae4f089\" data-element_type=\"widget\" data-e-type=\"widget\" data-widget_type=\"heading.default\">\n\t\t\t\t<div class=\"elementor-widget-container\">\n\t\t\t\t\t<h1 class=\"elementor-heading-title elementor-size-default\">Connexi\u00f3<br>Augusta<\/h1>\t\t\t\t<\/div>\n\t\t\t\t<\/div>\n\t\t\t\t<div class=\"elementor-element elementor-element-8981668 elementor-widget elementor-widget-spacer\" data-id=\"8981668\" data-element_type=\"widget\" data-e-type=\"widget\" data-widget_type=\"spacer.default\">\n\t\t\t\t<div class=\"elementor-widget-container\">\n\t\t\t\t\t\t\t<div class=\"elementor-spacer\">\n\t\t\t<div class=\"elementor-spacer-inner\"><\/div>\n\t\t<\/div>\n\t\t\t\t\t\t<\/div>\n\t\t\t\t<\/div>\n\t\t\t\t<section class=\"elementor-section elementor-inner-section elementor-element elementor-element-984b1dc elementor-section-full_width elementor-hidden-tablet elementor-hidden-mobile elementor-section-height-default elementor-section-height-default\" data-id=\"984b1dc\" data-element_type=\"section\" data-e-type=\"section\">\n\t\t\t\t\t\t<div class=\"elementor-container elementor-column-gap-default\">\n\t\t\t\t\t<div class=\"elementor-column elementor-col-100 elementor-inner-column elementor-element elementor-element-8d851ad\" data-id=\"8d851ad\" data-element_type=\"column\" data-e-type=\"column\">\n\t\t\t<div class=\"elementor-widget-wrap elementor-element-populated\">\n\t\t\t\t\t\t<div class=\"elementor-element elementor-element-7240c6c elementor-widget elementor-widget-text-editor\" data-id=\"7240c6c\" data-element_type=\"widget\" data-e-type=\"widget\" data-widget_type=\"text-editor.default\">\n\t\t\t\t<div class=\"elementor-widget-container\">\n\t\t\t\t\t\t\t\t\t<p>AUGUSTA ALUMNI<\/p>\n\t\t\t\t\t\t\t\t<\/div>\n\t\t\t\t<\/div>\n\t\t\t\t\t<\/div>\n\t\t<\/div>\n\t\t\t\t\t<\/div>\n\t\t<\/section>\n\t\t\t\t\t<\/div>\n\t\t<\/div>\n\t\t\t\t\t<\/div>\n\t\t<\/section>\n\t\t\t\t<section class=\"elementor-section elementor-top-section elementor-element elementor-element-b9f91bd elementor-section-boxed elementor-section-height-default elementor-section-height-default\" data-id=\"b9f91bd\" data-element_type=\"section\" data-e-type=\"section\">\n\t\t\t\t\t\t<div class=\"elementor-container elementor-column-gap-default\">\n\t\t\t\t\t<div class=\"elementor-column elementor-col-100 elementor-top-column elementor-element elementor-element-ceb0dd6\" data-id=\"ceb0dd6\" data-element_type=\"column\" data-e-type=\"column\">\n\t\t\t<div class=\"elementor-widget-wrap elementor-element-populated\">\n\t\t\t\t\t\t<div class=\"elementor-element elementor-element-d7b3e32 elementor-widget elementor-widget-text-editor\" data-id=\"d7b3e32\" data-element_type=\"widget\" data-e-type=\"widget\" data-widget_type=\"text-editor.default\">\n\t\t\t\t<div class=\"elementor-widget-container\">\n\t\t\t\t\t\t\t\t\t<p>Augusta Alumni \u00e9s el punt de trobada que aglutina totes les persones que han contribu\u00eft a forjar la hist\u00f2ria d&#8217;Augusta Advocats.<\/p>\n\t\t\t\t\t\t\t\t<\/div>\n\t\t\t\t<\/div>\n\t\t\t\t\t<\/div>\n\t\t<\/div>\n\t\t\t\t\t<\/div>\n\t\t<\/section>\n\t\t\t\t<section class=\"elementor-section elementor-top-section elementor-element elementor-element-7078680 elementor-section-boxed elementor-section-height-default elementor-section-height-default\" data-id=\"7078680\" data-element_type=\"section\" data-e-type=\"section\">\n\t\t\t\t\t\t<div class=\"elementor-container elementor-column-gap-default\">\n\t\t\t\t\t<div class=\"elementor-column elementor-col-100 elementor-top-column elementor-element elementor-element-646686b\" data-id=\"646686b\" data-element_type=\"column\" data-e-type=\"column\">\n\t\t\t<div class=\"elementor-widget-wrap elementor-element-populated\">\n\t\t\t\t\t\t<div class=\"elementor-element elementor-element-487b8ab elementor-widget elementor-widget-heading\" data-id=\"487b8ab\" data-element_type=\"widget\" data-e-type=\"widget\" data-widget_type=\"heading.default\">\n\t\t\t\t<div class=\"elementor-widget-container\">\n\t\t\t\t\t<p class=\"elementor-heading-title elementor-size-default\">Publicacions destacades<\/p>\t\t\t\t<\/div>\n\t\t\t\t<\/div>\n\t\t\t\t\t<\/div>\n\t\t<\/div>\n\t\t\t\t\t<\/div>\n\t\t<\/section>\n\t\t\t\t<section class=\"elementor-section elementor-top-section elementor-element elementor-element-25557b6 elementor-section-content-middle elementor-section-boxed elementor-section-height-default elementor-section-height-default\" data-id=\"25557b6\" data-element_type=\"section\" data-e-type=\"section\" data-settings=\"{&quot;background_background&quot;:&quot;classic&quot;}\">\n\t\t\t\t\t\t<div class=\"elementor-container elementor-column-gap-default\">\n\t\t\t\t\t<div class=\"elementor-column elementor-col-100 elementor-top-column elementor-element elementor-element-d82fe27\" data-id=\"d82fe27\" data-element_type=\"column\" data-e-type=\"column\">\n\t\t\t<div class=\"elementor-widget-wrap elementor-element-populated\">\n\t\t\t\t\t\t<div class=\"elementor-element elementor-element-280ba5a uael-post__link-complete-yes uael-post__arrow-outside elementor-widget elementor-widget-uael-posts\" data-id=\"280ba5a\" data-element_type=\"widget\" data-e-type=\"widget\" data-settings=\"{&quot;classic_slides_to_show&quot;:3,&quot;classic_slides_to_show_tablet&quot;:2,&quot;classic_slides_to_show_mobile&quot;:1}\" data-widget_type=\"uael-posts.classic\">\n\t\t\t\t<div class=\"elementor-widget-container\">\n\t\t\t\t\t\t\t<div class=\"uael-post__grid-empty\">\n\t\t\t<p>Disculpa, no hem pogut trobar cap entrada. Si us plau, intenta una cerca diferent.<\/p>\n\t\t\t\t\t<\/div>\n\t\t\t\t\t\t<\/div>\n\t\t\t\t<\/div>\n\t\t\t\t\t<\/div>\n\t\t<\/div>\n\t\t\t\t\t<\/div>\n\t\t<\/section>\n\t\t\t\t<section class=\"elementor-section elementor-top-section elementor-element elementor-element-ccddea7 elementor-section-boxed elementor-section-height-default elementor-section-height-default\" data-id=\"ccddea7\" data-element_type=\"section\" data-e-type=\"section\">\n\t\t\t\t\t\t<div class=\"elementor-container elementor-column-gap-default\">\n\t\t\t\t\t<div class=\"elementor-column elementor-col-100 elementor-top-column elementor-element elementor-element-2995984\" data-id=\"2995984\" data-element_type=\"column\" data-e-type=\"column\">\n\t\t\t<div class=\"elementor-widget-wrap elementor-element-populated\">\n\t\t\t\t\t\t<div class=\"elementor-element elementor-element-5e370d7 elementor-widget elementor-widget-button\" data-id=\"5e370d7\" data-element_type=\"widget\" data-e-type=\"widget\" data-widget_type=\"button.default\">\n\t\t\t\t<div class=\"elementor-widget-container\">\n\t\t\t\t\t\t\t\t\t<div class=\"elementor-button-wrapper\">\n\t\t\t\t\t<a class=\"elementor-button elementor-button-link elementor-size-sm\" href=\"#\">\n\t\t\t\t\t\t<span class=\"elementor-button-content-wrapper\">\n\t\t\t\t\t\t<span class=\"elementor-button-icon\">\n\t\t\t\t<svg xmlns=\"http:\/\/www.w3.org\/2000\/svg\" width=\"13\" height=\"14\" viewBox=\"0 0 13 14\" fill=\"none\"><g clip-path=\"url(#clip0_548_8499)\"><path d=\"M-3.05176e-05 11.1891V13.0167L12.8694 6.83926L-3.05176e-05 0.576294V2.43595L2.10478 3.44059L5.72505 5.15061L9.28519 6.82858L6.21818 8.26072L2.71818 9.90662V9.91731L0.986223 10.7296L-3.05176e-05 11.1891Z\" fill=\"#002E54\"><\/path><\/g><defs><clipPath id=\"clip0_548_8499\"><rect width=\"12.4404\" height=\"12.8694\" fill=\"white\" transform=\"matrix(0 1 -1 0 12.8694 0.576294)\"><\/rect><\/clipPath><\/defs><\/svg>\t\t\t<\/span>\n\t\t\t\t\t\t\t\t\t<span class=\"elementor-button-text\">TOTES LES PUBLICACIONS<\/span>\n\t\t\t\t\t<\/span>\n\t\t\t\t\t<\/a>\n\t\t\t\t<\/div>\n\t\t\t\t\t\t\t\t<\/div>\n\t\t\t\t<\/div>\n\t\t\t\t\t<\/div>\n\t\t<\/div>\n\t\t\t\t\t<\/div>\n\t\t<\/section>\n\t\t\t\t<section class=\"elementor-section elementor-top-section elementor-element elementor-element-c4ed08c elementor-section-content-middle elementor-section-boxed elementor-section-height-default elementor-section-height-default\" data-id=\"c4ed08c\" data-element_type=\"section\" data-e-type=\"section\">\n\t\t\t\t\t\t<div class=\"elementor-container elementor-column-gap-default\">\n\t\t\t\t\t<div class=\"elementor-column elementor-col-50 elementor-top-column elementor-element elementor-element-6eae509\" data-id=\"6eae509\" data-element_type=\"column\" data-e-type=\"column\">\n\t\t\t<div class=\"elementor-widget-wrap elementor-element-populated\">\n\t\t\t\t\t\t<div class=\"elementor-element elementor-element-910eb80 elementor-widget elementor-widget-text-editor\" data-id=\"910eb80\" data-element_type=\"widget\" data-e-type=\"widget\" data-widget_type=\"text-editor.default\">\n\t\t\t\t<div class=\"elementor-widget-container\">\n\t\t\t\t\t\t\t\t\t<p>Totes les persones que han passat per Augusta Advocats han aportat el seu esfor\u00e7, dedicaci\u00f3, coneixements i passi\u00f3, i mitjan\u00e7ant les activitats del Augusta Alumni volem mostrar-los el nostre reconeixement i agra\u00efment. Estem conven\u00e7uts que la nostra manera d&#8217;exercir la professi\u00f3 genera un esperit de pertinen\u00e7a a una comunitat que perdura m\u00e9s enll\u00e0 de l&#8217;estricte temps de la relaci\u00f3 professional, i desitgem que aquests lla\u00e7os personals es mantinguin i fins i tot es reforcin amb el pas del temps.<\/p>\n\t\t\t\t\t\t\t\t<\/div>\n\t\t\t\t<\/div>\n\t\t\t\t\t<\/div>\n\t\t<\/div>\n\t\t\t\t<div class=\"elementor-column elementor-col-50 elementor-top-column elementor-element elementor-element-3e036c7\" data-id=\"3e036c7\" data-element_type=\"column\" data-e-type=\"column\">\n\t\t\t<div class=\"elementor-widget-wrap elementor-element-populated\">\n\t\t\t\t\t\t<div class=\"elementor-element elementor-element-dde9ec2 elementor-widget elementor-widget-image\" data-id=\"dde9ec2\" data-element_type=\"widget\" data-e-type=\"widget\" data-widget_type=\"image.default\">\n\t\t\t\t<div class=\"elementor-widget-container\">\n\t\t\t\t\t\t\t\t\t\t\t\t\t\t\t<img fetchpriority=\"high\" decoding=\"async\" width=\"598\" height=\"481\" src=\"https:\/\/augustaabogados.com\/alumni\/wp-content\/uploads\/2023\/12\/Group-60.png\" class=\"attachment-full size-full wp-image-8621\" alt=\"\" srcset=\"https:\/\/augustaabogados.com\/alumni\/wp-content\/uploads\/2023\/12\/Group-60.png 598w, https:\/\/augustaabogados.com\/alumni\/wp-content\/uploads\/2023\/12\/Group-60-300x241.png 300w\" sizes=\"(max-width: 598px) 100vw, 598px\" \/>\t\t\t\t\t\t\t\t\t\t\t\t\t\t\t<\/div>\n\t\t\t\t<\/div>\n\t\t\t\t\t<\/div>\n\t\t<\/div>\n\t\t\t\t\t<\/div>\n\t\t<\/section>\n\t\t\t\t<\/div>\n\t\t","protected":false},"excerpt":{"rendered":"<p>AUGUSTA ALUMNI Connexi\u00f3Augusta AUGUSTA ALUMNI Augusta Alumni \u00e9s el punt de trobada que aglutina totes les persones que han contribu\u00eft a forjar la hist\u00f2ria d&#8217;Augusta Advocats. Publicacions destacades Actualidad Test 1 julio 8, 2024 Destacada Ideas para optimizar el IRPF 2023 diciembre 13, 2023 Noticias Innangard y Augusta Abogados comparten su experiencia colectiva en cuestiones [&hellip;]<\/p>\n","protected":false},"author":2,"featured_media":0,"parent":0,"menu_order":0,"comment_status":"closed","ping_status":"closed","template":"","meta":{"site-sidebar-layout":"no-sidebar","site-content-layout":"page-builder","ast-site-content-layout":"default","site-content-style":"default","site-sidebar-style":"default","ast-global-header-display":"","ast-banner-title-visibility":"","ast-main-header-display":"","ast-hfb-above-header-display":"","ast-hfb-below-header-display":"","ast-hfb-mobile-header-display":"","site-post-title":"disabled","ast-breadcrumbs-content":"","ast-featured-img":"disabled","footer-sml-layout":"","ast-disable-related-posts":"","theme-transparent-header-meta":"default","adv-header-id-meta":"","stick-header-meta":"","header-above-stick-meta":"","header-main-stick-meta":"","header-below-stick-meta":"","astra-migrate-meta-layouts":"default","ast-page-background-enabled":"default","ast-page-background-meta":{"desktop":{"background-color":"var(--ast-global-color-4)","background-image":"","background-repeat":"repeat","background-position":"center center","background-size":"auto","background-attachment":"scroll","background-type":"","background-media":"","overlay-type":"","overlay-color":"","overlay-opacity":"","overlay-gradient":""},"tablet":{"background-color":"","background-image":"","background-repeat":"repeat","background-position":"center center","background-size":"auto","background-attachment":"scroll","background-type":"","background-media":"","overlay-type":"","overlay-color":"","overlay-opacity":"","overlay-gradient":""},"mobile":{"background-color":"","background-image":"","background-repeat":"repeat","background-position":"center center","background-size":"auto","background-attachment":"scroll","background-type":"","background-media":"","overlay-type":"","overlay-color":"","overlay-opacity":"","overlay-gradient":""}},"ast-content-background-meta":{"desktop":{"background-color":"var(--ast-global-color-5)","background-image":"","background-repeat":"repeat","background-position":"center center","background-size":"auto","background-attachment":"scroll","background-type":"","background-media":"","overlay-type":"","overlay-color":"","overlay-opacity":"","overlay-gradient":""},"tablet":{"background-color":"var(--ast-global-color-5)","background-image":"","background-repeat":"repeat","background-position":"center center","background-size":"auto","background-attachment":"scroll","background-type":"","background-media":"","overlay-type":"","overlay-color":"","overlay-opacity":"","overlay-gradient":""},"mobile":{"background-color":"var(--ast-global-color-5)","background-image":"","background-repeat":"repeat","background-position":"center center","background-size":"auto","background-attachment":"scroll","background-type":"","background-media":"","overlay-type":"","overlay-color":"","overlay-opacity":"","overlay-gradient":""}},"footnotes":""},"class_list":["post-13802","page","type-page","status-publish","hentry"],"acf":[],"yoast_head":"<!-- This site is optimized with the Yoast SEO plugin v27.4 - https:\/\/yoast.com\/product\/yoast-seo-wordpress\/ -->\n<title>Home - Augusta Alumni<\/title>\n<meta name=\"robots\" content=\"index, follow, max-snippet:-1, max-image-preview:large, max-video-preview:-1\" \/>\n<link rel=\"canonical\" href=\"https:\/\/augustaabogados.com\/alumni\/ca\/\" \/>\n<meta property=\"og:locale\" content=\"ca_ES\" \/>\n<meta property=\"og:type\" content=\"article\" \/>\n<meta property=\"og:title\" content=\"Home - Augusta Alumni\" \/>\n<meta property=\"og:description\" content=\"AUGUSTA ALUMNI Connexi\u00f3Augusta AUGUSTA ALUMNI Augusta Alumni \u00e9s el punt de trobada que aglutina totes les persones que han contribu\u00eft a forjar la hist\u00f2ria d&#8217;Augusta Advocats. Publicacions destacades Actualidad Test 1 julio 8, 2024 Destacada Ideas para optimizar el IRPF 2023 diciembre 13, 2023 Noticias Innangard y Augusta Abogados comparten su experiencia colectiva en cuestiones [&hellip;]\" \/>\n<meta property=\"og:url\" content=\"https:\/\/augustaabogados.com\/alumni\/ca\/\" \/>\n<meta property=\"og:site_name\" content=\"Augusta Alumni\" \/>\n<meta property=\"article:modified_time\" content=\"2024-07-15T15:30:44+00:00\" \/>\n<meta property=\"og:image\" content=\"https:\/\/augustaabogados.com\/alumni\/wp-content\/uploads\/2023\/12\/Group-60.png\" \/>\n<meta name=\"twitter:card\" content=\"summary_large_image\" \/>\n<meta name=\"twitter:label1\" content=\"Temps estimat de lectura\" \/>\n\t<meta name=\"twitter:data1\" content=\"1 minut\" \/>\n<script type=\"application\/ld+json\" class=\"yoast-schema-graph\">{\"@context\":\"https:\\\/\\\/schema.org\",\"@graph\":[{\"@type\":\"WebPage\",\"@id\":\"https:\\\/\\\/augustaabogados.com\\\/alumni\\\/ca\\\/\",\"url\":\"https:\\\/\\\/augustaabogados.com\\\/alumni\\\/ca\\\/\",\"name\":\"Home - Augusta Alumni\",\"isPartOf\":{\"@id\":\"https:\\\/\\\/augustaabogados.com\\\/alumni\\\/ca\\\/#website\"},\"primaryImageOfPage\":{\"@id\":\"https:\\\/\\\/augustaabogados.com\\\/alumni\\\/ca\\\/#primaryimage\"},\"image\":{\"@id\":\"https:\\\/\\\/augustaabogados.com\\\/alumni\\\/ca\\\/#primaryimage\"},\"thumbnailUrl\":\"https:\\\/\\\/augustaabogados.com\\\/alumni\\\/wp-content\\\/uploads\\\/2023\\\/12\\\/Group-60.png\",\"datePublished\":\"2023-11-03T09:50:40+00:00\",\"dateModified\":\"2024-07-15T15:30:44+00:00\",\"breadcrumb\":{\"@id\":\"https:\\\/\\\/augustaabogados.com\\\/alumni\\\/ca\\\/#breadcrumb\"},\"inLanguage\":\"ca\",\"potentialAction\":[{\"@type\":\"ReadAction\",\"target\":[\"https:\\\/\\\/augustaabogados.com\\\/alumni\\\/ca\\\/\"]}]},{\"@type\":\"ImageObject\",\"inLanguage\":\"ca\",\"@id\":\"https:\\\/\\\/augustaabogados.com\\\/alumni\\\/ca\\\/#primaryimage\",\"url\":\"https:\\\/\\\/augustaabogados.com\\\/alumni\\\/wp-content\\\/uploads\\\/2023\\\/12\\\/Group-60.png\",\"contentUrl\":\"https:\\\/\\\/augustaabogados.com\\\/alumni\\\/wp-content\\\/uploads\\\/2023\\\/12\\\/Group-60.png\"},{\"@type\":\"BreadcrumbList\",\"@id\":\"https:\\\/\\\/augustaabogados.com\\\/alumni\\\/ca\\\/#breadcrumb\",\"itemListElement\":[{\"@type\":\"ListItem\",\"position\":1,\"name\":\"Portada\",\"item\":\"https:\\\/\\\/augustaabogados.com\\\/alumni\\\/ca\\\/\"},{\"@type\":\"ListItem\",\"position\":2,\"name\":\"Home\"}]},{\"@type\":\"WebSite\",\"@id\":\"https:\\\/\\\/augustaabogados.com\\\/alumni\\\/ca\\\/#website\",\"url\":\"https:\\\/\\\/augustaabogados.com\\\/alumni\\\/ca\\\/\",\"name\":\"augusta abogados\",\"description\":\"\",\"publisher\":{\"@id\":\"https:\\\/\\\/augustaabogados.com\\\/alumni\\\/ca\\\/#organization\"},\"potentialAction\":[{\"@type\":\"SearchAction\",\"target\":{\"@type\":\"EntryPoint\",\"urlTemplate\":\"https:\\\/\\\/augustaabogados.com\\\/alumni\\\/ca\\\/?s={search_term_string}\"},\"query-input\":{\"@type\":\"PropertyValueSpecification\",\"valueRequired\":true,\"valueName\":\"search_term_string\"}}],\"inLanguage\":\"ca\"},{\"@type\":\"Organization\",\"@id\":\"https:\\\/\\\/augustaabogados.com\\\/alumni\\\/ca\\\/#organization\",\"name\":\"augusta abogados\",\"url\":\"https:\\\/\\\/augustaabogados.com\\\/alumni\\\/ca\\\/\",\"logo\":{\"@type\":\"ImageObject\",\"inLanguage\":\"ca\",\"@id\":\"https:\\\/\\\/augustaabogados.com\\\/alumni\\\/ca\\\/#\\\/schema\\\/logo\\\/image\\\/\",\"url\":\"https:\\\/\\\/augustaabogados.com\\\/alumni\\\/wp-content\\\/uploads\\\/2023\\\/12\\\/A_ALUMNI_VERT_2TINTAS-1.svg\",\"contentUrl\":\"https:\\\/\\\/augustaabogados.com\\\/alumni\\\/wp-content\\\/uploads\\\/2023\\\/12\\\/A_ALUMNI_VERT_2TINTAS-1.svg\",\"width\":239,\"height\":87,\"caption\":\"augusta abogados\"},\"image\":{\"@id\":\"https:\\\/\\\/augustaabogados.com\\\/alumni\\\/ca\\\/#\\\/schema\\\/logo\\\/image\\\/\"}}]}<\/script>\n<!-- \/ Yoast SEO plugin. -->","yoast_head_json":{"title":"Home - Augusta Alumni","robots":{"index":"index","follow":"follow","max-snippet":"max-snippet:-1","max-image-preview":"max-image-preview:large","max-video-preview":"max-video-preview:-1"},"canonical":"https:\/\/augustaabogados.com\/alumni\/ca\/","og_locale":"ca_ES","og_type":"article","og_title":"Home - Augusta Alumni","og_description":"AUGUSTA ALUMNI Connexi\u00f3Augusta AUGUSTA ALUMNI Augusta Alumni \u00e9s el punt de trobada que aglutina totes les persones que han contribu\u00eft a forjar la hist\u00f2ria d&#8217;Augusta Advocats. Publicacions destacades Actualidad Test 1 julio 8, 2024 Destacada Ideas para optimizar el IRPF 2023 diciembre 13, 2023 Noticias Innangard y Augusta Abogados comparten su experiencia colectiva en cuestiones [&hellip;]","og_url":"https:\/\/augustaabogados.com\/alumni\/ca\/","og_site_name":"Augusta Alumni","article_modified_time":"2024-07-15T15:30:44+00:00","og_image":[{"url":"https:\/\/augustaabogados.com\/alumni\/wp-content\/uploads\/2023\/12\/Group-60.png","type":"","width":"","height":""}],"twitter_card":"summary_large_image","twitter_misc":{"Temps estimat de lectura":"1 minut"},"schema":{"@context":"https:\/\/schema.org","@graph":[{"@type":"WebPage","@id":"https:\/\/augustaabogados.com\/alumni\/ca\/","url":"https:\/\/augustaabogados.com\/alumni\/ca\/","name":"Home - Augusta Alumni","isPartOf":{"@id":"https:\/\/augustaabogados.com\/alumni\/ca\/#website"},"primaryImageOfPage":{"@id":"https:\/\/augustaabogados.com\/alumni\/ca\/#primaryimage"},"image":{"@id":"https:\/\/augustaabogados.com\/alumni\/ca\/#primaryimage"},"thumbnailUrl":"https:\/\/augustaabogados.com\/alumni\/wp-content\/uploads\/2023\/12\/Group-60.png","datePublished":"2023-11-03T09:50:40+00:00","dateModified":"2024-07-15T15:30:44+00:00","breadcrumb":{"@id":"https:\/\/augustaabogados.com\/alumni\/ca\/#breadcrumb"},"inLanguage":"ca","potentialAction":[{"@type":"ReadAction","target":["https:\/\/augustaabogados.com\/alumni\/ca\/"]}]},{"@type":"ImageObject","inLanguage":"ca","@id":"https:\/\/augustaabogados.com\/alumni\/ca\/#primaryimage","url":"https:\/\/augustaabogados.com\/alumni\/wp-content\/uploads\/2023\/12\/Group-60.png","contentUrl":"https:\/\/augustaabogados.com\/alumni\/wp-content\/uploads\/2023\/12\/Group-60.png"},{"@type":"BreadcrumbList","@id":"https:\/\/augustaabogados.com\/alumni\/ca\/#breadcrumb","itemListElement":[{"@type":"ListItem","position":1,"name":"Portada","item":"https:\/\/augustaabogados.com\/alumni\/ca\/"},{"@type":"ListItem","position":2,"name":"Home"}]},{"@type":"WebSite","@id":"https:\/\/augustaabogados.com\/alumni\/ca\/#website","url":"https:\/\/augustaabogados.com\/alumni\/ca\/","name":"augusta abogados","description":"","publisher":{"@id":"https:\/\/augustaabogados.com\/alumni\/ca\/#organization"},"potentialAction":[{"@type":"SearchAction","target":{"@type":"EntryPoint","urlTemplate":"https:\/\/augustaabogados.com\/alumni\/ca\/?s={search_term_string}"},"query-input":{"@type":"PropertyValueSpecification","valueRequired":true,"valueName":"search_term_string"}}],"inLanguage":"ca"},{"@type":"Organization","@id":"https:\/\/augustaabogados.com\/alumni\/ca\/#organization","name":"augusta abogados","url":"https:\/\/augustaabogados.com\/alumni\/ca\/","logo":{"@type":"ImageObject","inLanguage":"ca","@id":"https:\/\/augustaabogados.com\/alumni\/ca\/#\/schema\/logo\/image\/","url":"https:\/\/augustaabogados.com\/alumni\/wp-content\/uploads\/2023\/12\/A_ALUMNI_VERT_2TINTAS-1.svg","contentUrl":"https:\/\/augustaabogados.com\/alumni\/wp-content\/uploads\/2023\/12\/A_ALUMNI_VERT_2TINTAS-1.svg","width":239,"height":87,"caption":"augusta abogados"},"image":{"@id":"https:\/\/augustaabogados.com\/alumni\/ca\/#\/schema\/logo\/image\/"}}]}},"_links":{"self":[{"href":"https:\/\/augustaabogados.com\/alumni\/ca\/wp-json\/wp\/v2\/pages\/13802","targetHints":{"allow":["GET"]}}],"collection":[{"href":"https:\/\/augustaabogados.com\/alumni\/ca\/wp-json\/wp\/v2\/pages"}],"about":[{"href":"https:\/\/augustaabogados.com\/alumni\/ca\/wp-json\/wp\/v2\/types\/page"}],"author":[{"embeddable":true,"href":"https:\/\/augustaabogados.com\/alumni\/ca\/wp-json\/wp\/v2\/users\/2"}],"replies":[{"embeddable":true,"href":"https:\/\/augustaabogados.com\/alumni\/ca\/wp-json\/wp\/v2\/comments?post=13802"}],"version-history":[{"count":6,"href":"https:\/\/augustaabogados.com\/alumni\/ca\/wp-json\/wp\/v2\/pages\/13802\/revisions"}],"predecessor-version":[{"id":13909,"href":"https:\/\/augustaabogados.com\/alumni\/ca\/wp-json\/wp\/v2\/pages\/13802\/revisions\/13909"}],"wp:attachment":[{"href":"https:\/\/augustaabogados.com\/alumni\/ca\/wp-json\/wp\/v2\/media?parent=13802"}],"curies":[{"name":"wp","href":"https:\/\/api.w.org\/{rel}","templated":true}]}}