{"id":15491,"date":"2023-12-20T04:40:27","date_gmt":"2023-12-20T04:40:27","guid":{"rendered":"https:\/\/augustaabogados.com\/politica-de-galetes\/"},"modified":"2025-03-01T08:43:25","modified_gmt":"2025-03-01T08:43:25","slug":"politica-de-cookies","status":"publish","type":"page","link":"https:\/\/augustaabogados.com\/ca\/politica-de-cookies\/","title":{"rendered":"Pol\u00edtica de cookies"},"content":{"rendered":"\t\t<div data-elementor-type=\"wp-page\" data-elementor-id=\"15491\" class=\"elementor elementor-15491 elementor-7376\" data-elementor-post-type=\"page\">\n\t\t\t\t\t\t<section class=\"elementor-section elementor-top-section elementor-element elementor-element-82af66e elementor-section-boxed elementor-section-height-default elementor-section-height-default\" data-id=\"82af66e\" data-element_type=\"section\" data-e-type=\"section\">\n\t\t\t\t\t\t<div class=\"elementor-container elementor-column-gap-default\">\n\t\t\t\t\t<div class=\"elementor-column elementor-col-100 elementor-top-column elementor-element elementor-element-4088a23\" data-id=\"4088a23\" data-element_type=\"column\" data-e-type=\"column\">\n\t\t\t<div class=\"elementor-widget-wrap elementor-element-populated\">\n\t\t\t\t\t\t<div class=\"elementor-element elementor-element-153ee7a elementor-widget-divider--view-line_text elementor-widget-divider--element-align-center elementor-widget elementor-widget-divider\" data-id=\"153ee7a\" data-element_type=\"widget\" data-e-type=\"widget\" data-widget_type=\"divider.default\">\n\t\t\t\t<div class=\"elementor-widget-container\">\n\t\t\t\t\t\t\t<div class=\"elementor-divider\">\n\t\t\t<span class=\"elementor-divider-separator\">\n\t\t\t\t\t\t\t<h4 class=\"elementor-divider__text elementor-divider__element\">\n\t\t\t\tPol\u00edtica de cookies\t\t\t\t<\/h4>\n\t\t\t\t\t\t<\/span>\n\t\t<\/div>\n\t\t\t\t\t\t<\/div>\n\t\t\t\t<\/div>\n\t\t\t\t<div class=\"elementor-element elementor-element-1415e4f elementor-widget elementor-widget-text-editor\" data-id=\"1415e4f\" data-element_type=\"widget\" data-e-type=\"widget\" data-widget_type=\"text-editor.default\">\n\t\t\t\t<div class=\"elementor-widget-container\">\n\t\t\t\t\t\t\t\t\t<p>Augusta Abogados, S.L.P. (d&#8217;ara endavant, \u201cAugusta Abogados\u201d) utilitza cookies per al funcionament d&#8217;aquest lloc web <a href=\"https:\/\/augustaabogados.com\/\" target=\"_blank\" rel=\"noopener\">www.augustaabogados.com<\/a> (d&#8217;ara endavant, el \u201cLloc Web\u201d).<\/p>\n<p>Aquesta POL\u00cdTICA DE COOKIES detalla tota la informaci\u00f3 relativa a la pol\u00edtica de cookies d&#8217;Augusta Abogados al Lloc Web.<\/p>\n<p>A la POL\u00cdTICA DE COOKIES d&#8217;Augusta Abogados tamb\u00e9 es t\u00e9 en compte la privacitat de les persones i la protecci\u00f3 de les seves dades personals. Per aix\u00f2, aquesta POL\u00cdTICA DE COOKIES es complementa amb les actuacions i regulacions establertes a la POL\u00cdTICA DE PRIVACITAT d&#8217;Augusta Abogados, que podeu consultar en aquest enlla\u00e7.<\/p>\n<p>Augusta Abogados pot actualitzar i modificar aquesta POL\u00cdTICA DE COOKIES en funci\u00f3 dels canvis en la legislaci\u00f3 i normativa aplicable, i amb l&#8217;objectiu d&#8217;adaptar la seva pol\u00edtica de cookies a les directrius de l&#8217;Ag\u00e8ncia Espanyola de Protecci\u00f3 de Dades. Per aquest motiu, Augusta Abogados recomana fermament als usuaris que visitin peri\u00f2dicament el Lloc Web, que llegeixin detingudament i de forma recurrent la POL\u00cdTICA DE COOKIES d&#8217;Augusta Abogados.<\/p>\n<p>Els canvis significatius a la POL\u00cdTICA DE COOKIES d&#8217;Augusta Abogados seran comunicats als usuaris a trav\u00e9s del Lloc Web. En cas que no entengui algun apartat d&#8217;aquesta POL\u00cdTICA DE COOKIES o tingui qualsevol dubte al respecte, pot enviar un correu electr\u00f2nic sol\u00b7licitant informaci\u00f3 addicional a <a href=\"mailto:info@augustaabogados.com\" target=\"_blank\" rel=\"noopener\">info@augustaabogados.com<\/a>.<\/p>\n<h5>QU\u00c8 \u00c9S UNA COOKIE?<\/h5>\n<p>Una cookie \u00e9s un petit fitxer de text que es desa al vostre navegador quan visiteu gaireb\u00e9 qualsevol p\u00e0gina web. La seva utilitat \u00e9s que el lloc web sigui capa\u00e7 de recordar la vostra visita quan torneu a navegar per aquesta p\u00e0gina. Les cookies solen emmagatzemar informaci\u00f3 de car\u00e0cter t\u00e8cnic, prefer\u00e8ncies personals, personalitzaci\u00f3 de continguts, estad\u00edstiques d&#8217;\u00fas, enlla\u00e7os a xarxes socials, acc\u00e9s a comptes d&#8217;usuari, etc. L&#8217;objectiu de la cookie \u00e9s adaptar el contingut del lloc web al vostre perfil i necessitats, sense cookies els serveis oferts per qualsevol p\u00e0gina es veurien redu\u00efts notablement.<\/p>\n<h5>COOKIES UTILITZADES EN AQUEST LLOC WEB<\/h5>\n<p>Seguint les directrius de l&#8217;Ag\u00e8ncia Espanyola de Protecci\u00f3 de Dades procedim a detallar l&#8217;\u00fas de cookies que fa Augusta Abogados en aquest Lloc Web, amb l&#8217;objectiu d&#8217;informar-vos amb la m\u00e0xima exactitud possible.<\/p>\n<p>Aquest Lloc Web utilitza les seg\u00fcents cookies pr\u00f2pies: Cookies de sessi\u00f3, per garantir que els usuaris que escriguin comentaris al blog siguin humans i no aplicacions automatitzades. D&#8217;aquesta manera es combat el spam.<\/p>\n<p>Tamb\u00e9 utilitza cookies de tercers i anal\u00edtiques:<\/p>\n<p>De tercers: S\u00f3n aquelles que s&#8217;envien a l&#8217;equip terminal de l&#8217;usuari des d&#8217;un equip o domini que no \u00e9s gestionat per l&#8217;editor, sin\u00f3 per una altra entitat que tracta les dades obtingudes a trav\u00e9s de les cookies.<\/p>\n<p>Anal\u00edtiques: Permeten el seguiment i l&#8217;an\u00e0lisi del comportament de l&#8217;usuari de webs a les quals estan vinculades, amb la finalitat posterior d&#8217;introduir millores en funci\u00f3 de les dades agregades.<\/p>\n<p>Concretament, aquest Lloc Web utilitza les seg\u00fcents cookies de tercers: Google Analytics: Desa cookies per poder elaborar estad\u00edstiques sobre el tr\u00e0nsit i volum de visites d&#8217;aquest lloc web. Vost\u00e8 pot consentir o no l&#8217;\u00fas d&#8217;aquesta cookie anal\u00edtica. En cas de consentir, l&#8217;exercici de qualsevol dret en aquest sentit haur\u00e0 de realitzar-lo comunicant-se directament amb Google.<\/p>\n<p>Xarxes socials: Cada xarxa social utilitza les seves pr\u00f2pies cookies perqu\u00e8 pugui fer clic en botons del tipus M&#8217;agrada o Compartir.<\/p>\n<h5><strong>QUADRE LLISTAT AMB EL TIPUS DE COOKIES QUE UTILITZA LA P\u00c0GINA WEB I EL SEU FINALITAT<\/strong><\/h5>\n<table width=\"916\">\n<tbody>\n<tr>\n<td width=\"213\">NOM<\/td>\n<td width=\"170\">PROPIETARI<\/td>\n<td width=\"130\">DURADA<\/td>\n<td width=\"404\">FINALITAT<\/td>\n<\/tr>\n<tr>\n<td width=\"213\">_ga<\/td>\n<td width=\"170\">Google Analytics<\/td>\n<td width=\"130\">1 any, 2 mesos<\/td>\n<td width=\"404\">Analitzar i distingir usuaris<\/td>\n<\/tr>\n<tr>\n<td width=\"213\">Cookieyes-consent<\/td>\n<td width=\"170\">GDPR Cookie Consent Plugin (Pr\u00f2pies)<\/td>\n<td width=\"130\">1 any<\/td>\n<td width=\"404\">Emmagatzema l&#8217;estat del consentiment de cookies.<\/td>\n<\/tr>\n<tr>\n<td width=\"213\">Wp-wpml_current_language<\/td>\n<td width=\"170\">WPML-Onthegosystems<\/td>\n<td width=\"130\">24 hores<\/td>\n<td width=\"404\">Guarda l&#8217;idioma seleccionat<\/td>\n<\/tr>\n<tr>\n<td width=\"213\">GS1.1<\/td>\n<td width=\"170\">Google Analytics<\/td>\n<td width=\"130\">1 any, 2 mesos<\/td>\n<td width=\"404\">Identifica si l&#8217;usuari ha acceptat els termes i condicions de l&#8217;eina de cerca Verified by GS1<\/td>\n<\/tr>\n<tr>\n<td width=\"213\">wordpress_test_cookie<\/td>\n<td width=\"170\">WordPress<\/td>\n<td width=\"130\">Durada de la sessi\u00f3<\/td>\n<td width=\"404\">Verifica que les cookies estiguin habilitades<\/td>\n<\/tr>\n<tr>\n<td width=\"213\">isReturningVisitor*<\/td>\n<td width=\"170\">&nbsp;Google Analytics<\/td>\n<td width=\"130\">1 any, 11 mesos<\/td>\n<td width=\"404\">Indica si el visitant \u00e9s recurrent<\/td>\n<\/tr>\n<tr>\n<td width=\"213\">SOCS<\/td>\n<td width=\"170\">Google<\/td>\n<td width=\"130\">13 mesos<\/td>\n<td width=\"404\">Cookie relacionada amb serveis de Google<\/td>\n<\/tr>\n<tr>\n<td width=\"213\">__Secure-ENID<\/td>\n<td width=\"170\">Google<\/td>\n<td width=\"130\">6 mesos<\/td>\n<td width=\"404\">Cookie de seguretat per a la identificaci\u00f3 i sessi\u00f3 en serveis de Google<\/td>\n<\/tr>\n<tr>\n<td width=\"213\">__hssc<\/td>\n<td width=\"170\">HubSpot<\/td>\n<td width=\"130\">30 dies<\/td>\n<td width=\"404\">Seguiment de sessions<\/td>\n<\/tr>\n<tr>\n<td width=\"213\">__hssrc<\/td>\n<td width=\"170\">HubSpot<\/td>\n<td width=\"130\">Durada de la sessi\u00f3<\/td>\n<td width=\"404\">Indica si la sessi\u00f3 s&#8217;ha reiniciat<\/td>\n<\/tr>\n<tr>\n<td width=\"213\">__hstc<\/td>\n<td width=\"170\">HubSpot<\/td>\n<td width=\"130\">3 mesos<\/td>\n<td width=\"404\">Seguiment dels visitants<\/td>\n<\/tr>\n<tr>\n<td width=\"213\">hubspotutk<\/td>\n<td width=\"170\">HubSpot<\/td>\n<td width=\"130\">3 mesos<\/td>\n<td width=\"404\">Identificaci\u00f3 dels usuaris<\/td>\n<\/tr>\n<tr>\n<td width=\"213\">_gid<\/td>\n<td width=\"170\">Google Analytics<\/td>\n<td width=\"130\">Caduca en 24 hores<\/td>\n<td width=\"404\">Per distingir els usuaris<\/td>\n<\/tr>\n<tr>\n<td width=\"213\">_hjSessionUser_<\/td>\n<td width=\"170\">Hotjar<\/td>\n<td width=\"130\">Caduca en 1 any<\/td>\n<td width=\"404\">Identifica l&#8217;usuari durant la seva sessi\u00f3<\/td>\n<\/tr>\n<tr>\n<td width=\"213\">_ga<\/td>\n<td width=\"170\">Google Analytics<\/td>\n<td width=\"130\">Caduca en 2 anys<\/td>\n<td width=\"404\">Per distingir els usuaris<\/td>\n<\/tr>\n<tr>\n<td width=\"213\">_gcl_au<\/td>\n<td width=\"170\">Google AdSense<\/td>\n<td width=\"130\">Caduca en 3 mesos<\/td>\n<td width=\"404\">Per a experiments amb l&#8217;efici\u00e8ncia publicit\u00e0ria<\/td>\n<\/tr>\n<\/tbody>\n<\/table>\n<h5>ACCEPTACI\u00d3 DE LES COOKIES<\/h5>\n<p>Augusta Abogados li mostra informaci\u00f3 sobre la seva POL\u00cdTICA DE COOKIES i en concret la seva acceptaci\u00f3 a la part inferior de qualsevol p\u00e0gina del Lloc Web, amb cada inici de sessi\u00f3 des de qualsevol navegador, amb l&#8217;objectiu que vost\u00e8 pugui con\u00e8ixer i acceptar dita pol\u00edtica de cookies. Davant d&#8217;aquesta informaci\u00f3, vost\u00e8 pot dur a terme les seg\u00fcents accions: \u201cAcceptar cookies\u201d, en aquest cas, vost\u00e8 acceptar\u00e0 les cookies utilitzades pel Lloc Web d&#8217;Augusta Abogados i no es tornar\u00e0 a visualitzar aquest av\u00eds en accedir a qualsevol p\u00e0gina del Lloc Web durant la present sessi\u00f3. \u201cRebutjar o configurar\u201d, en aquesta pol\u00edtica de cookies.<\/p>\n<h5>DESACTIVACI\u00d3 O ELIMINACI\u00d3 DE COOKIES<\/h5>\n<p>En qualsevol moment podr\u00e0 exercir el seu dret de desactivaci\u00f3 o eliminaci\u00f3 de cookies d&#8217;aquest lloc web. Aquestes accions es realitzen de manera diferent segons el navegador que estigui utilitzant. Aqu\u00ed us deixem una guia r\u00e0pida per als navegadors m\u00e9s populars.<\/p>\n<p>El fet que configuri el vostre navegador per rebutjar o desactivar totes les cookies o expressament les cookies d&#8217;aquest Lloc Web, pot suposar que no sigui possible accedir a alguns dels serveis i que la vostra experi\u00e8ncia al lloc web d&#8217;Augusta Abogados sigui menys satisfact\u00f2ria.<\/p>\n<ul>\n<li>Microsoft Edge <a href=\"https:\/\/support.microsoft.com\/es-es\/windows\/administrar-cookies-en-microsoft-edge-ver-permitir-bloquear-eliminar-y-usar-168dab11-0753-043d-7c16-ede5947fc64d#:~:text=todas%20las%20cookies-,Abre%20el%20explorador%20Edge%2C%20selecciona%20Configuraci%C3%B3n%20y%20m%C3%A1s%20en%20la,Borrar%20datos%20de%20exploraci%C3%B3n%20ahora\" target=\"_blank\" rel=\"noopener\">\u202fhttps:\/\/support.microsoft.com\/es-es\/windows\/administrar-cookies-en-microsoft-edge-ver-permitir-bloquear-eliminar-y-usar-168dab11-0753-043d-7c16-ede5947fc64d#:~:text=todas%20las%20cookies-,Abre%20el%20explorador%20Edge%2C%20selecciona%20Configuraci%C3%B3n%20y%20m%C3%A1s%20en%20la,Borrar%20datos%20de%20exploraci%C3%B3n%20ahora<\/a>.<\/li>\n<li>Chrome <a href=\"https:\/\/support.google.com\/chrome\/answer\/95647?co=GENIE.Platform%3DDesktop&amp;hl=es\" target=\"_blank\" rel=\"noopener\">https:\/\/support.google.com\/chrome\/answer\/95647?co=GENIE.Platform%3DDesktop&amp;hl=es<\/a><\/li>\n<li>Mozilla Firefox <a href=\"https:\/\/support.mozilla.org\/es\/kb\/habilitar-y-deshabilitar-cookies-sitios-web-rastrear-preferencias\" target=\"_blank\" rel=\"noopener\">https:\/\/support.mozilla.org\/es\/kb\/habilitar-y-deshabilitar-cookies-sitios-web-rastrear-preferencias<\/a><\/li>\n<li>Safari <a href=\"https:\/\/support.apple.com\/es-es\/guide\/safari\/sfri11471\/mac\" target=\"_blank\" rel=\"noopener\">https:\/\/support.apple.com\/es-es\/guide\/safari\/sfri11471\/mac<\/a><\/li>\n<\/ul>\n<h5>NOTES ADDICIONALS<\/h5>\n<p>Ni aquest lloc web ni els seus representants legals es fan responsables del contingut ni de la veracitat de les pol\u00edtiques de privacitat que puguin tenir els tercers mencionats en aquesta pol\u00edtica de cookies. Els navegadors web s\u00f3n les eines encarregades d&#8217;emmagatzemar les cookies i des d&#8217;aquest lloc ha de dur a terme el seu dret a eliminaci\u00f3 o desactivaci\u00f3 de les mateixes. Ni aquest lloc web ni els seus representants legals poden garantir la correcta o incorrecta manipulaci\u00f3 de les cookies per part dels esmentats navegadors. En alguns casos \u00e9s necessari instal\u00b7lar cookies perqu\u00e8 el navegador no oblidi la seva decisi\u00f3 de no acceptaci\u00f3 de les mateixes.<\/p>\n<p>En el cas de les cookies de Google Analytics, aquesta empresa emmagatzema les cookies en servidors ubicats als Estats Units i es compromet a no compartir-les amb tercers, excepte en els casos en qu\u00e8 sigui necessari per al funcionament del sistema o quan la llei obligui a tal efecte. Segons Google, aquesta aplicaci\u00f3 no guarda la seva adre\u00e7a IP. Si desitja informaci\u00f3 sobre l&#8217;\u00fas que Google fa de les cookies, us adjuntem aquest altre enlla\u00e7. En el cas de les Cookies pr\u00f2pies, pot posar-se en contacte amb nosaltres per mitj\u00e0 d&#8217;un missatge a protecciondedatos@augustaabogados.com.<\/p>\n<p>Per a qualsevol dubte o consulta sobre aquesta pol\u00edtica de cookies no dubti a comunicar-se amb nosaltres a trav\u00e9s de la secci\u00f3 de contacte.<\/p>\n<p>Pot ampliar la informaci\u00f3 sobre el tractament de les seves dades personals a trav\u00e9s de la nostra <a href=\"https:\/\/augustaabogados.com\/ca\/politica-de-privacitat\/\">Pol\u00edtica de Privacitat<\/a>.<\/p>\t\t\t\t\t\t\t\t<\/div>\n\t\t\t\t<\/div>\n\t\t\t\t\t<\/div>\n\t\t<\/div>\n\t\t\t\t\t<\/div>\n\t\t<\/section>\n\t\t\t\t<\/div>\n\t\t","protected":false},"excerpt":{"rendered":"<p>Pol\u00edtica de cookies Augusta Abogados, S.L.P. (d&#8217;ara endavant, \u201cAugusta Abogados\u201d) utilitza cookies per al funcionament d&#8217;aquest lloc web www.augustaabogados.com (d&#8217;ara endavant, el \u201cLloc Web\u201d). Aquesta POL\u00cdTICA DE COOKIES detalla tota la informaci\u00f3 relativa a la pol\u00edtica de cookies d&#8217;Augusta Abogados al Lloc Web. A la POL\u00cdTICA DE COOKIES d&#8217;Augusta Abogados tamb\u00e9 es t\u00e9 en compte [&hellip;]<\/p>\n","protected":false},"author":1,"featured_media":0,"parent":0,"menu_order":0,"comment_status":"closed","ping_status":"closed","template":"","meta":{"content-type":"","site-sidebar-layout":"no-sidebar","site-content-layout":"page-builder","ast-site-content-layout":"full-width-container","site-content-style":"default","site-sidebar-style":"default","ast-global-header-display":"","ast-banner-title-visibility":"","ast-main-header-display":"","ast-hfb-above-header-display":"","ast-hfb-below-header-display":"","ast-hfb-mobile-header-display":"","site-post-title":"disabled","ast-breadcrumbs-content":"","ast-featured-img":"disabled","footer-sml-layout":"","ast-disable-related-posts":"","theme-transparent-header-meta":"default","adv-header-id-meta":"","stick-header-meta":"","header-above-stick-meta":"","header-main-stick-meta":"","header-below-stick-meta":"","astra-migrate-meta-layouts":"set","ast-page-background-enabled":"default","ast-page-background-meta":{"desktop":{"background-color":"var(--ast-global-color-4)","background-image":"","background-repeat":"repeat","background-position":"center center","background-size":"auto","background-attachment":"scroll","background-type":"","background-media":"","overlay-type":"","overlay-color":"","overlay-opacity":"","overlay-gradient":""},"tablet":{"background-color":"","background-image":"","background-repeat":"repeat","background-position":"center center","background-size":"auto","background-attachment":"scroll","background-type":"","background-media":"","overlay-type":"","overlay-color":"","overlay-opacity":"","overlay-gradient":""},"mobile":{"background-color":"","background-image":"","background-repeat":"repeat","background-position":"center center","background-size":"auto","background-attachment":"scroll","background-type":"","background-media":"","overlay-type":"","overlay-color":"","overlay-opacity":"","overlay-gradient":""}},"ast-content-background-meta":{"desktop":{"background-color":"var(--ast-global-color-5)","background-image":"","background-repeat":"repeat","background-position":"center center","background-size":"auto","background-attachment":"scroll","background-type":"","background-media":"","overlay-type":"","overlay-color":"","overlay-opacity":"","overlay-gradient":""},"tablet":{"background-color":"var(--ast-global-color-5)","background-image":"","background-repeat":"repeat","background-position":"center center","background-size":"auto","background-attachment":"scroll","background-type":"","background-media":"","overlay-type":"","overlay-color":"","overlay-opacity":"","overlay-gradient":""},"mobile":{"background-color":"var(--ast-global-color-5)","background-image":"","background-repeat":"repeat","background-position":"center center","background-size":"auto","background-attachment":"scroll","background-type":"","background-media":"","overlay-type":"","overlay-color":"","overlay-opacity":"","overlay-gradient":""}},"footnotes":""},"class_list":["post-15491","page","type-page","status-publish","hentry"],"acf":[],"yoast_head":"<!-- This site is optimized with the Yoast SEO plugin v27.4 - https:\/\/yoast.com\/product\/yoast-seo-wordpress\/ -->\n<title>Pol\u00edtica de cookies - Augusta Abogados<\/title>\n<meta name=\"robots\" content=\"noindex, nofollow\" \/>\n<meta property=\"og:locale\" content=\"ca_ES\" \/>\n<meta property=\"og:type\" content=\"article\" \/>\n<meta property=\"og:title\" content=\"Pol\u00edtica de cookies - Augusta Abogados\" \/>\n<meta property=\"og:description\" content=\"Pol\u00edtica de cookies Augusta Abogados, S.L.P. (d&#8217;ara endavant, \u201cAugusta Abogados\u201d) utilitza cookies per al funcionament d&#8217;aquest lloc web www.augustaabogados.com (d&#8217;ara endavant, el \u201cLloc Web\u201d). Aquesta POL\u00cdTICA DE COOKIES detalla tota la informaci\u00f3 relativa a la pol\u00edtica de cookies d&#8217;Augusta Abogados al Lloc Web. A la POL\u00cdTICA DE COOKIES d&#8217;Augusta Abogados tamb\u00e9 es t\u00e9 en compte [&hellip;]\" \/>\n<meta property=\"og:url\" content=\"https:\/\/augustaabogados.com\/ca\/politica-de-cookies\/\" \/>\n<meta property=\"og:site_name\" content=\"Augusta Abogados\" \/>\n<meta property=\"article:modified_time\" content=\"2025-03-01T08:43:25+00:00\" \/>\n<meta name=\"twitter:card\" content=\"summary_large_image\" \/>\n<meta name=\"twitter:label1\" content=\"Temps estimat de lectura\" \/>\n\t<meta name=\"twitter:data1\" content=\"7 minuts\" \/>\n<script type=\"application\/ld+json\" class=\"yoast-schema-graph\">{\"@context\":\"https:\\\/\\\/schema.org\",\"@graph\":[{\"@type\":\"WebPage\",\"@id\":\"https:\\\/\\\/augustaabogados.com\\\/ca\\\/politica-de-cookies\\\/\",\"url\":\"https:\\\/\\\/augustaabogados.com\\\/ca\\\/politica-de-cookies\\\/\",\"name\":\"Pol\u00edtica de cookies - Augusta Abogados\",\"isPartOf\":{\"@id\":\"https:\\\/\\\/augustaabogados.com\\\/#website\"},\"datePublished\":\"2023-12-20T04:40:27+00:00\",\"dateModified\":\"2025-03-01T08:43:25+00:00\",\"breadcrumb\":{\"@id\":\"https:\\\/\\\/augustaabogados.com\\\/ca\\\/politica-de-cookies\\\/#breadcrumb\"},\"inLanguage\":\"ca\",\"potentialAction\":[{\"@type\":\"ReadAction\",\"target\":[\"https:\\\/\\\/augustaabogados.com\\\/ca\\\/politica-de-cookies\\\/\"]}]},{\"@type\":\"BreadcrumbList\",\"@id\":\"https:\\\/\\\/augustaabogados.com\\\/ca\\\/politica-de-cookies\\\/#breadcrumb\",\"itemListElement\":[{\"@type\":\"ListItem\",\"position\":1,\"name\":\"Portada\",\"item\":\"https:\\\/\\\/augustaabogados.com\\\/ca\\\/\"},{\"@type\":\"ListItem\",\"position\":2,\"name\":\"Pol\u00edtica de cookies\"}]},{\"@type\":\"WebSite\",\"@id\":\"https:\\\/\\\/augustaabogados.com\\\/#website\",\"url\":\"https:\\\/\\\/augustaabogados.com\\\/\",\"name\":\"Augusta Abogados\",\"description\":\"\",\"publisher\":{\"@id\":\"https:\\\/\\\/augustaabogados.com\\\/#organization\"},\"potentialAction\":[{\"@type\":\"SearchAction\",\"target\":{\"@type\":\"EntryPoint\",\"urlTemplate\":\"https:\\\/\\\/augustaabogados.com\\\/?s={search_term_string}\"},\"query-input\":{\"@type\":\"PropertyValueSpecification\",\"valueRequired\":true,\"valueName\":\"search_term_string\"}}],\"inLanguage\":\"ca\"},{\"@type\":\"Organization\",\"@id\":\"https:\\\/\\\/augustaabogados.com\\\/#organization\",\"name\":\"Augusta Abogados\",\"url\":\"https:\\\/\\\/augustaabogados.com\\\/\",\"logo\":{\"@type\":\"ImageObject\",\"inLanguage\":\"ca\",\"@id\":\"https:\\\/\\\/augustaabogados.com\\\/#\\\/schema\\\/logo\\\/image\\\/\",\"url\":\"https:\\\/\\\/augustaabogados.com\\\/wp-content\\\/uploads\\\/2023\\\/11\\\/LOGO-AUGUSTA.svg\",\"contentUrl\":\"https:\\\/\\\/augustaabogados.com\\\/wp-content\\\/uploads\\\/2023\\\/11\\\/LOGO-AUGUSTA.svg\",\"caption\":\"Augusta Abogados\"},\"image\":{\"@id\":\"https:\\\/\\\/augustaabogados.com\\\/#\\\/schema\\\/logo\\\/image\\\/\"}}]}<\/script>\n<!-- \/ Yoast SEO plugin. -->","yoast_head_json":{"title":"Pol\u00edtica de cookies - Augusta Abogados","robots":{"index":"noindex","follow":"nofollow"},"og_locale":"ca_ES","og_type":"article","og_title":"Pol\u00edtica de cookies - Augusta Abogados","og_description":"Pol\u00edtica de cookies Augusta Abogados, S.L.P. (d&#8217;ara endavant, \u201cAugusta Abogados\u201d) utilitza cookies per al funcionament d&#8217;aquest lloc web www.augustaabogados.com (d&#8217;ara endavant, el \u201cLloc Web\u201d). Aquesta POL\u00cdTICA DE COOKIES detalla tota la informaci\u00f3 relativa a la pol\u00edtica de cookies d&#8217;Augusta Abogados al Lloc Web. A la POL\u00cdTICA DE COOKIES d&#8217;Augusta Abogados tamb\u00e9 es t\u00e9 en compte [&hellip;]","og_url":"https:\/\/augustaabogados.com\/ca\/politica-de-cookies\/","og_site_name":"Augusta Abogados","article_modified_time":"2025-03-01T08:43:25+00:00","twitter_card":"summary_large_image","twitter_misc":{"Temps estimat de lectura":"7 minuts"},"schema":{"@context":"https:\/\/schema.org","@graph":[{"@type":"WebPage","@id":"https:\/\/augustaabogados.com\/ca\/politica-de-cookies\/","url":"https:\/\/augustaabogados.com\/ca\/politica-de-cookies\/","name":"Pol\u00edtica de cookies - Augusta Abogados","isPartOf":{"@id":"https:\/\/augustaabogados.com\/#website"},"datePublished":"2023-12-20T04:40:27+00:00","dateModified":"2025-03-01T08:43:25+00:00","breadcrumb":{"@id":"https:\/\/augustaabogados.com\/ca\/politica-de-cookies\/#breadcrumb"},"inLanguage":"ca","potentialAction":[{"@type":"ReadAction","target":["https:\/\/augustaabogados.com\/ca\/politica-de-cookies\/"]}]},{"@type":"BreadcrumbList","@id":"https:\/\/augustaabogados.com\/ca\/politica-de-cookies\/#breadcrumb","itemListElement":[{"@type":"ListItem","position":1,"name":"Portada","item":"https:\/\/augustaabogados.com\/ca\/"},{"@type":"ListItem","position":2,"name":"Pol\u00edtica de cookies"}]},{"@type":"WebSite","@id":"https:\/\/augustaabogados.com\/#website","url":"https:\/\/augustaabogados.com\/","name":"Augusta Abogados","description":"","publisher":{"@id":"https:\/\/augustaabogados.com\/#organization"},"potentialAction":[{"@type":"SearchAction","target":{"@type":"EntryPoint","urlTemplate":"https:\/\/augustaabogados.com\/?s={search_term_string}"},"query-input":{"@type":"PropertyValueSpecification","valueRequired":true,"valueName":"search_term_string"}}],"inLanguage":"ca"},{"@type":"Organization","@id":"https:\/\/augustaabogados.com\/#organization","name":"Augusta Abogados","url":"https:\/\/augustaabogados.com\/","logo":{"@type":"ImageObject","inLanguage":"ca","@id":"https:\/\/augustaabogados.com\/#\/schema\/logo\/image\/","url":"https:\/\/augustaabogados.com\/wp-content\/uploads\/2023\/11\/LOGO-AUGUSTA.svg","contentUrl":"https:\/\/augustaabogados.com\/wp-content\/uploads\/2023\/11\/LOGO-AUGUSTA.svg","caption":"Augusta Abogados"},"image":{"@id":"https:\/\/augustaabogados.com\/#\/schema\/logo\/image\/"}}]}},"_links":{"self":[{"href":"https:\/\/augustaabogados.com\/ca\/wp-json\/wp\/v2\/pages\/15491","targetHints":{"allow":["GET"]}}],"collection":[{"href":"https:\/\/augustaabogados.com\/ca\/wp-json\/wp\/v2\/pages"}],"about":[{"href":"https:\/\/augustaabogados.com\/ca\/wp-json\/wp\/v2\/types\/page"}],"author":[{"embeddable":true,"href":"https:\/\/augustaabogados.com\/ca\/wp-json\/wp\/v2\/users\/1"}],"replies":[{"embeddable":true,"href":"https:\/\/augustaabogados.com\/ca\/wp-json\/wp\/v2\/comments?post=15491"}],"version-history":[{"count":20,"href":"https:\/\/augustaabogados.com\/ca\/wp-json\/wp\/v2\/pages\/15491\/revisions"}],"predecessor-version":[{"id":48280,"href":"https:\/\/augustaabogados.com\/ca\/wp-json\/wp\/v2\/pages\/15491\/revisions\/48280"}],"wp:attachment":[{"href":"https:\/\/augustaabogados.com\/ca\/wp-json\/wp\/v2\/media?parent=15491"}],"curies":[{"name":"wp","href":"https:\/\/api.w.org\/{rel}","templated":true}]}}