{"id":15493,"date":"2023-12-20T04:43:29","date_gmt":"2023-12-20T04:43:29","guid":{"rendered":"https:\/\/augustaabogados.com\/canal-etic\/"},"modified":"2025-05-29T08:21:14","modified_gmt":"2025-05-29T08:21:14","slug":"canal-etic","status":"publish","type":"page","link":"https:\/\/augustaabogados.com\/ca\/canal-etic\/","title":{"rendered":"Canal \u00e8tic"},"content":{"rendered":"\t\t<div data-elementor-type=\"wp-page\" data-elementor-id=\"15493\" class=\"elementor elementor-15493 elementor-7386\" data-elementor-post-type=\"page\">\n\t\t\t\t\t\t<section class=\"elementor-section elementor-top-section elementor-element elementor-element-82af66e elementor-section-boxed elementor-section-height-default elementor-section-height-default\" data-id=\"82af66e\" data-element_type=\"section\" data-e-type=\"section\">\n\t\t\t\t\t\t<div class=\"elementor-container elementor-column-gap-default\">\n\t\t\t\t\t<div class=\"elementor-column elementor-col-100 elementor-top-column elementor-element elementor-element-4088a23\" data-id=\"4088a23\" data-element_type=\"column\" data-e-type=\"column\">\n\t\t\t<div class=\"elementor-widget-wrap elementor-element-populated\">\n\t\t\t\t\t\t<div class=\"elementor-element elementor-element-153ee7a elementor-widget-divider--view-line_text elementor-widget-divider--element-align-center elementor-widget elementor-widget-divider\" data-id=\"153ee7a\" data-element_type=\"widget\" data-e-type=\"widget\" data-widget_type=\"divider.default\">\n\t\t\t\t<div class=\"elementor-widget-container\">\n\t\t\t\t\t\t\t<div class=\"elementor-divider\">\n\t\t\t<span class=\"elementor-divider-separator\">\n\t\t\t\t\t\t\t<h4 class=\"elementor-divider__text elementor-divider__element\">\n\t\t\t\t<span data-metadata=\"&lt;!--(figmeta)eyJmaWxlS2V5IjoiS2tjNURaZDhPYVRIWFZ4YlRiRmpaQSIsInBhc3RlSUQiOjc0MzAzMjE5MiwiZGF0YVR5cGUiOiJzY2VuZSJ9Cg==(\/figmeta)--&gt;\"><\/span><\/span>Canal \u00e8tic\t\t\t\t<\/h4>\n\t\t\t\t\t\t<\/span>\n\t\t<\/div>\n\t\t\t\t\t\t<\/div>\n\t\t\t\t<\/div>\n\t\t\t\t<div class=\"elementor-element elementor-element-1415e4f elementor-widget elementor-widget-text-editor\" data-id=\"1415e4f\" data-element_type=\"widget\" data-e-type=\"widget\" data-widget_type=\"text-editor.default\">\n\t\t\t\t<div class=\"elementor-widget-container\">\n\t\t\t\t\t\t\t\t\t<p>Mitjan\u00e7ant el canal intern d\u2019Augusta Abogados es poden comunicar les eventuals irregularitats descrites a la Llei 2\/2023, de 20 de febrer, reguladora de la protecci\u00f3 de les persones que informen sobre infraccions normatives i de lluita contra la corrupci\u00f3.<\/p><p>Trobar\u00e0 m\u00e9s informaci\u00f3 sobre el funcionament del nostre Canal \u00c8tic Augusta Abogados i sobre com tractem les dades personals al seg\u00fcent document: <span style=\"text-decoration: underline;\"><a href=\"https:\/\/augustaabogados.com\/ca\/politica-de-funcionament-del-canal-etic\/\">Pol\u00edtica de funcionament<\/a><\/span>.<br \/><br \/>A Augusta Abogados oferim els mecanismes seg\u00fcents per comunicar possibles irregularitats:<\/p><ul><li><strong>Comunicaci\u00f3 escrita per correu electr\u00f2nic o postal<\/strong>: Pot enviar la informaci\u00f3 mitjan\u00e7ant correu electr\u00f2nic a <span style=\"text-decoration: underline;\"><a href=\"mailto:canaletico@augustaabogados.com\">canaletico@augustaabogados.com<\/a><\/span>, o b\u00e9 per correu postal a \u201cCanal \u00c8tic Augusta Abogados, V\u00eda Augusta 252, 08017 Barcelona, Espanya\u201d.<\/li><li><strong>Comunicaci\u00f3 escrita mitjan\u00e7ant el formulari web<\/strong>: Pot contactar amb nosaltres mitjan\u00e7ant el nostre <span style=\"text-decoration: underline;\"><a href=\"https:\/\/augustaabogados.com\/ca\/formulario-para-informantes-canal-etico\/\">Formulari de Comunicaci\u00f3<\/a><\/span>, on s\u2019indiquen les dades m\u00e9s rellevants a considerar per fer-nos arribar una comunicaci\u00f3. El seu \u00fas no \u00e9s obligatori, per\u00f2 ens permet analitzar la informaci\u00f3 rebuda de manera m\u00e9s efica\u00e7.<\/li><li><strong>Comunicaci\u00f3 verbal<\/strong>: Si ho prefereix, pot mantenir una reuni\u00f3 presencial, telem\u00e0tica o telef\u00f2nica amb la persona responsable del Canal \u00c8tic Augusta Abogados. Per aix\u00f2, li preguem que envi\u00ef la sol\u00b7licitud corresponent per escrit per qualsevol dels mitjans indicats o trucant al tel\u00e8fon (+34) 93 3621620. La reuni\u00f3 es dur\u00e0 a terme amb la persona responsable del Canal \u00c8tic AA dins del termini de set dies des de la recepci\u00f3 de la petici\u00f3. Tenint en compte les circumst\u00e0ncies de cada cas, a la reuni\u00f3 sol\u00b7licitada per l\u2019informant podran assistir altres persones del despatx.<\/li><\/ul><p>Per facilitar el tractament de les comunicacions rebudes, suggerim que les persones informants s\u2019identifiquin. Tanmateix, s\u2019admeten comunicacions an\u00f2nimes.<\/p>\t\t\t\t\t\t\t\t<\/div>\n\t\t\t\t<\/div>\n\t\t\t\t\t<\/div>\n\t\t<\/div>\n\t\t\t\t\t<\/div>\n\t\t<\/section>\n\t\t\t\t<\/div>\n\t\t","protected":false},"excerpt":{"rendered":"<p>Canal \u00e8tic Mitjan\u00e7ant el canal intern d\u2019Augusta Abogados es poden comunicar les eventuals irregularitats descrites a la Llei 2\/2023, de 20 de febrer, reguladora de la protecci\u00f3 de les persones que informen sobre infraccions normatives i de lluita contra la corrupci\u00f3. Trobar\u00e0 m\u00e9s informaci\u00f3 sobre el funcionament del nostre Canal \u00c8tic Augusta Abogados i sobre [&hellip;]<\/p>\n","protected":false},"author":1,"featured_media":0,"parent":0,"menu_order":0,"comment_status":"closed","ping_status":"closed","template":"","meta":{"content-type":"","site-sidebar-layout":"no-sidebar","site-content-layout":"page-builder","ast-site-content-layout":"full-width-container","site-content-style":"default","site-sidebar-style":"default","ast-global-header-display":"","ast-banner-title-visibility":"","ast-main-header-display":"","ast-hfb-above-header-display":"","ast-hfb-below-header-display":"","ast-hfb-mobile-header-display":"","site-post-title":"disabled","ast-breadcrumbs-content":"","ast-featured-img":"disabled","footer-sml-layout":"","ast-disable-related-posts":"","theme-transparent-header-meta":"default","adv-header-id-meta":"","stick-header-meta":"","header-above-stick-meta":"","header-main-stick-meta":"","header-below-stick-meta":"","astra-migrate-meta-layouts":"default","ast-page-background-enabled":"default","ast-page-background-meta":{"desktop":{"background-color":"var(--ast-global-color-4)","background-image":"","background-repeat":"repeat","background-position":"center center","background-size":"auto","background-attachment":"scroll","background-type":"","background-media":"","overlay-type":"","overlay-color":"","overlay-opacity":"","overlay-gradient":""},"tablet":{"background-color":"","background-image":"","background-repeat":"repeat","background-position":"center center","background-size":"auto","background-attachment":"scroll","background-type":"","background-media":"","overlay-type":"","overlay-color":"","overlay-opacity":"","overlay-gradient":""},"mobile":{"background-color":"","background-image":"","background-repeat":"repeat","background-position":"center center","background-size":"auto","background-attachment":"scroll","background-type":"","background-media":"","overlay-type":"","overlay-color":"","overlay-opacity":"","overlay-gradient":""}},"ast-content-background-meta":{"desktop":{"background-color":"var(--ast-global-color-5)","background-image":"","background-repeat":"repeat","background-position":"center center","background-size":"auto","background-attachment":"scroll","background-type":"","background-media":"","overlay-type":"","overlay-color":"","overlay-opacity":"","overlay-gradient":""},"tablet":{"background-color":"var(--ast-global-color-5)","background-image":"","background-repeat":"repeat","background-position":"center center","background-size":"auto","background-attachment":"scroll","background-type":"","background-media":"","overlay-type":"","overlay-color":"","overlay-opacity":"","overlay-gradient":""},"mobile":{"background-color":"var(--ast-global-color-5)","background-image":"","background-repeat":"repeat","background-position":"center center","background-size":"auto","background-attachment":"scroll","background-type":"","background-media":"","overlay-type":"","overlay-color":"","overlay-opacity":"","overlay-gradient":""}},"footnotes":""},"class_list":["post-15493","page","type-page","status-publish","hentry"],"acf":[],"yoast_head":"<!-- This site is optimized with the Yoast SEO plugin v27.4 - https:\/\/yoast.com\/product\/yoast-seo-wordpress\/ -->\n<title>Canal \u00e8tic - Augusta Abogados<\/title>\n<meta name=\"robots\" content=\"index, follow, max-snippet:-1, max-image-preview:large, max-video-preview:-1\" \/>\n<link rel=\"canonical\" href=\"https:\/\/augustaabogados.com\/canal-etico\/\" \/>\n<meta property=\"og:locale\" content=\"ca_ES\" \/>\n<meta property=\"og:type\" content=\"article\" \/>\n<meta property=\"og:title\" content=\"Canal \u00e8tic - Augusta Abogados\" \/>\n<meta property=\"og:description\" content=\"Canal \u00e8tic Mitjan\u00e7ant el canal intern d\u2019Augusta Abogados es poden comunicar les eventuals irregularitats descrites a la Llei 2\/2023, de 20 de febrer, reguladora de la protecci\u00f3 de les persones que informen sobre infraccions normatives i de lluita contra la corrupci\u00f3. Trobar\u00e0 m\u00e9s informaci\u00f3 sobre el funcionament del nostre Canal \u00c8tic Augusta Abogados i sobre [&hellip;]\" \/>\n<meta property=\"og:url\" content=\"https:\/\/augustaabogados.com\/canal-etico\/\" \/>\n<meta property=\"og:site_name\" content=\"Augusta Abogados\" \/>\n<meta property=\"article:modified_time\" content=\"2025-05-29T08:21:14+00:00\" \/>\n<meta name=\"twitter:card\" content=\"summary_large_image\" \/>\n<meta name=\"twitter:label1\" content=\"Temps estimat de lectura\" \/>\n\t<meta name=\"twitter:data1\" content=\"2 minuts\" \/>\n<script type=\"application\/ld+json\" class=\"yoast-schema-graph\">{\"@context\":\"https:\\\/\\\/schema.org\",\"@graph\":[{\"@type\":\"WebPage\",\"@id\":\"https:\\\/\\\/augustaabogados.com\\\/canal-etico\\\/\",\"url\":\"https:\\\/\\\/augustaabogados.com\\\/canal-etico\\\/\",\"name\":\"Canal \u00e8tic - Augusta Abogados\",\"isPartOf\":{\"@id\":\"https:\\\/\\\/augustaabogados.com\\\/#website\"},\"datePublished\":\"2023-12-20T04:43:29+00:00\",\"dateModified\":\"2025-05-29T08:21:14+00:00\",\"breadcrumb\":{\"@id\":\"https:\\\/\\\/augustaabogados.com\\\/canal-etico\\\/#breadcrumb\"},\"inLanguage\":\"ca\",\"potentialAction\":[{\"@type\":\"ReadAction\",\"target\":[\"https:\\\/\\\/augustaabogados.com\\\/canal-etico\\\/\"]}]},{\"@type\":\"BreadcrumbList\",\"@id\":\"https:\\\/\\\/augustaabogados.com\\\/canal-etico\\\/#breadcrumb\",\"itemListElement\":[{\"@type\":\"ListItem\",\"position\":1,\"name\":\"Portada\",\"item\":\"https:\\\/\\\/augustaabogados.com\\\/ca\\\/\"},{\"@type\":\"ListItem\",\"position\":2,\"name\":\"Canal \u00e8tic\"}]},{\"@type\":\"WebSite\",\"@id\":\"https:\\\/\\\/augustaabogados.com\\\/#website\",\"url\":\"https:\\\/\\\/augustaabogados.com\\\/\",\"name\":\"Augusta Abogados\",\"description\":\"\",\"publisher\":{\"@id\":\"https:\\\/\\\/augustaabogados.com\\\/#organization\"},\"potentialAction\":[{\"@type\":\"SearchAction\",\"target\":{\"@type\":\"EntryPoint\",\"urlTemplate\":\"https:\\\/\\\/augustaabogados.com\\\/?s={search_term_string}\"},\"query-input\":{\"@type\":\"PropertyValueSpecification\",\"valueRequired\":true,\"valueName\":\"search_term_string\"}}],\"inLanguage\":\"ca\"},{\"@type\":\"Organization\",\"@id\":\"https:\\\/\\\/augustaabogados.com\\\/#organization\",\"name\":\"Augusta Abogados\",\"url\":\"https:\\\/\\\/augustaabogados.com\\\/\",\"logo\":{\"@type\":\"ImageObject\",\"inLanguage\":\"ca\",\"@id\":\"https:\\\/\\\/augustaabogados.com\\\/#\\\/schema\\\/logo\\\/image\\\/\",\"url\":\"https:\\\/\\\/augustaabogados.com\\\/wp-content\\\/uploads\\\/2023\\\/11\\\/LOGO-AUGUSTA.svg\",\"contentUrl\":\"https:\\\/\\\/augustaabogados.com\\\/wp-content\\\/uploads\\\/2023\\\/11\\\/LOGO-AUGUSTA.svg\",\"caption\":\"Augusta Abogados\"},\"image\":{\"@id\":\"https:\\\/\\\/augustaabogados.com\\\/#\\\/schema\\\/logo\\\/image\\\/\"}}]}<\/script>\n<!-- \/ Yoast SEO plugin. -->","yoast_head_json":{"title":"Canal \u00e8tic - Augusta Abogados","robots":{"index":"index","follow":"follow","max-snippet":"max-snippet:-1","max-image-preview":"max-image-preview:large","max-video-preview":"max-video-preview:-1"},"canonical":"https:\/\/augustaabogados.com\/canal-etico\/","og_locale":"ca_ES","og_type":"article","og_title":"Canal \u00e8tic - Augusta Abogados","og_description":"Canal \u00e8tic Mitjan\u00e7ant el canal intern d\u2019Augusta Abogados es poden comunicar les eventuals irregularitats descrites a la Llei 2\/2023, de 20 de febrer, reguladora de la protecci\u00f3 de les persones que informen sobre infraccions normatives i de lluita contra la corrupci\u00f3. Trobar\u00e0 m\u00e9s informaci\u00f3 sobre el funcionament del nostre Canal \u00c8tic Augusta Abogados i sobre [&hellip;]","og_url":"https:\/\/augustaabogados.com\/canal-etico\/","og_site_name":"Augusta Abogados","article_modified_time":"2025-05-29T08:21:14+00:00","twitter_card":"summary_large_image","twitter_misc":{"Temps estimat de lectura":"2 minuts"},"schema":{"@context":"https:\/\/schema.org","@graph":[{"@type":"WebPage","@id":"https:\/\/augustaabogados.com\/canal-etico\/","url":"https:\/\/augustaabogados.com\/canal-etico\/","name":"Canal \u00e8tic - Augusta Abogados","isPartOf":{"@id":"https:\/\/augustaabogados.com\/#website"},"datePublished":"2023-12-20T04:43:29+00:00","dateModified":"2025-05-29T08:21:14+00:00","breadcrumb":{"@id":"https:\/\/augustaabogados.com\/canal-etico\/#breadcrumb"},"inLanguage":"ca","potentialAction":[{"@type":"ReadAction","target":["https:\/\/augustaabogados.com\/canal-etico\/"]}]},{"@type":"BreadcrumbList","@id":"https:\/\/augustaabogados.com\/canal-etico\/#breadcrumb","itemListElement":[{"@type":"ListItem","position":1,"name":"Portada","item":"https:\/\/augustaabogados.com\/ca\/"},{"@type":"ListItem","position":2,"name":"Canal \u00e8tic"}]},{"@type":"WebSite","@id":"https:\/\/augustaabogados.com\/#website","url":"https:\/\/augustaabogados.com\/","name":"Augusta Abogados","description":"","publisher":{"@id":"https:\/\/augustaabogados.com\/#organization"},"potentialAction":[{"@type":"SearchAction","target":{"@type":"EntryPoint","urlTemplate":"https:\/\/augustaabogados.com\/?s={search_term_string}"},"query-input":{"@type":"PropertyValueSpecification","valueRequired":true,"valueName":"search_term_string"}}],"inLanguage":"ca"},{"@type":"Organization","@id":"https:\/\/augustaabogados.com\/#organization","name":"Augusta Abogados","url":"https:\/\/augustaabogados.com\/","logo":{"@type":"ImageObject","inLanguage":"ca","@id":"https:\/\/augustaabogados.com\/#\/schema\/logo\/image\/","url":"https:\/\/augustaabogados.com\/wp-content\/uploads\/2023\/11\/LOGO-AUGUSTA.svg","contentUrl":"https:\/\/augustaabogados.com\/wp-content\/uploads\/2023\/11\/LOGO-AUGUSTA.svg","caption":"Augusta Abogados"},"image":{"@id":"https:\/\/augustaabogados.com\/#\/schema\/logo\/image\/"}}]}},"_links":{"self":[{"href":"https:\/\/augustaabogados.com\/ca\/wp-json\/wp\/v2\/pages\/15493","targetHints":{"allow":["GET"]}}],"collection":[{"href":"https:\/\/augustaabogados.com\/ca\/wp-json\/wp\/v2\/pages"}],"about":[{"href":"https:\/\/augustaabogados.com\/ca\/wp-json\/wp\/v2\/types\/page"}],"author":[{"embeddable":true,"href":"https:\/\/augustaabogados.com\/ca\/wp-json\/wp\/v2\/users\/1"}],"replies":[{"embeddable":true,"href":"https:\/\/augustaabogados.com\/ca\/wp-json\/wp\/v2\/comments?post=15493"}],"version-history":[{"count":31,"href":"https:\/\/augustaabogados.com\/ca\/wp-json\/wp\/v2\/pages\/15493\/revisions"}],"predecessor-version":[{"id":49406,"href":"https:\/\/augustaabogados.com\/ca\/wp-json\/wp\/v2\/pages\/15493\/revisions\/49406"}],"wp:attachment":[{"href":"https:\/\/augustaabogados.com\/ca\/wp-json\/wp\/v2\/media?parent=15493"}],"curies":[{"name":"wp","href":"https:\/\/api.w.org\/{rel}","templated":true}]}}