{"id":15499,"date":"2023-12-22T16:59:51","date_gmt":"2023-12-22T16:59:51","guid":{"rendered":"https:\/\/augustaabogados.com\/suscripcion-newsletter\/"},"modified":"2024-11-26T18:30:24","modified_gmt":"2024-11-26T18:30:24","slug":"suscripcion-newsletter","status":"publish","type":"page","link":"https:\/\/augustaabogados.com\/ca\/suscripcion-newsletter\/","title":{"rendered":"Suscripci\u00f3n Newsletter"},"content":{"rendered":"\t\t<div data-elementor-type=\"wp-page\" data-elementor-id=\"15499\" class=\"elementor elementor-15499 elementor-8359\" data-elementor-post-type=\"page\">\n\t\t\t\t\t\t<section class=\"elementor-section elementor-top-section elementor-element elementor-element-35715ce elementor-section-boxed elementor-section-height-default elementor-section-height-default\" data-id=\"35715ce\" data-element_type=\"section\" data-e-type=\"section\">\n\t\t\t\t\t\t<div class=\"elementor-container elementor-column-gap-default\">\n\t\t\t\t\t<div class=\"elementor-column elementor-col-100 elementor-top-column elementor-element elementor-element-4c9778f\" data-id=\"4c9778f\" data-element_type=\"column\" data-e-type=\"column\">\n\t\t\t<div class=\"elementor-widget-wrap elementor-element-populated\">\n\t\t\t\t\t\t<div class=\"elementor-element elementor-element-28b382a elementor-widget-divider--view-line_text elementor-hidden-mobile elementor-widget-divider--element-align-center elementor-widget elementor-widget-divider\" data-id=\"28b382a\" data-element_type=\"widget\" data-e-type=\"widget\" data-widget_type=\"divider.default\">\n\t\t\t\t<div class=\"elementor-widget-container\">\n\t\t\t\t\t\t\t<div class=\"elementor-divider\">\n\t\t\t<span class=\"elementor-divider-separator\">\n\t\t\t\t\t\t\t<h1 class=\"elementor-divider__text elementor-divider__element\">\n\t\t\t\tSubscriu-te a les nostres newsletters\t\t\t\t<\/h1>\n\t\t\t\t\t\t<\/span>\n\t\t<\/div>\n\t\t\t\t\t\t<\/div>\n\t\t\t\t<\/div>\n\t\t\t\t<div class=\"elementor-element elementor-element-544b3db elementor-widget-divider--view-line_text elementor-hidden-desktop elementor-hidden-tablet elementor-widget-divider--element-align-center elementor-widget elementor-widget-divider\" data-id=\"544b3db\" data-element_type=\"widget\" data-e-type=\"widget\" data-widget_type=\"divider.default\">\n\t\t\t\t<div class=\"elementor-widget-container\">\n\t\t\t\t\t\t\t<div class=\"elementor-divider\">\n\t\t\t<span class=\"elementor-divider-separator\">\n\t\t\t\t\t\t\t<h1 class=\"elementor-divider__text elementor-divider__element\">\n\t\t\t\tSubscriu-t\u2019hi\t\t\t\t<\/h1>\n\t\t\t\t\t\t<\/span>\n\t\t<\/div>\n\t\t\t\t\t\t<\/div>\n\t\t\t\t<\/div>\n\t\t\t\t\t<\/div>\n\t\t<\/div>\n\t\t\t\t\t<\/div>\n\t\t<\/section>\n\t\t\t\t<section class=\"elementor-section elementor-top-section elementor-element elementor-element-e5c38cf elementor-section-boxed elementor-section-height-default elementor-section-height-default\" data-id=\"e5c38cf\" data-element_type=\"section\" data-e-type=\"section\">\n\t\t\t\t\t\t<div class=\"elementor-container elementor-column-gap-default\">\n\t\t\t\t\t<div class=\"elementor-column elementor-col-100 elementor-top-column elementor-element elementor-element-69c2047\" data-id=\"69c2047\" data-element_type=\"column\" data-e-type=\"column\">\n\t\t\t<div class=\"elementor-widget-wrap elementor-element-populated\">\n\t\t\t\t\t\t<div class=\"elementor-element elementor-element-b2c8487 elementor-button-align-center elementor-widget elementor-widget-form\" data-id=\"b2c8487\" data-element_type=\"widget\" data-e-type=\"widget\" data-settings=\"{&quot;step_next_label&quot;:&quot;Seg\\u00fcent&quot;,&quot;step_previous_label&quot;:&quot;Anterior&quot;,&quot;button_width&quot;:&quot;100&quot;,&quot;step_type&quot;:&quot;number_text&quot;,&quot;step_icon_shape&quot;:&quot;circle&quot;}\" data-widget_type=\"form.default\">\n\t\t\t\t<div class=\"elementor-widget-container\">\n\t\t\t\t\t\t\t<form class=\"elementor-form\" method=\"post\" id=\"formularioNewsletter\" name=\"Newsletter\" aria-label=\"Newsletter\">\n\t\t\t<input type=\"hidden\" name=\"post_id\" value=\"15499\"\/>\n\t\t\t<input type=\"hidden\" name=\"form_id\" value=\"b2c8487\"\/>\n\t\t\t<input type=\"hidden\" name=\"referer_title\" value=\"Suscripci\u00f3n Newsletter - Augusta Abogados\" \/>\n\n\t\t\t\t\t\t\t<input type=\"hidden\" name=\"queried_id\" value=\"15499\"\/>\n\t\t\t\n\t\t\t<div class=\"elementor-form-fields-wrapper elementor-labels-\">\n\t\t\t\t\t\t\t\t<div class=\"elementor-field-type-text elementor-field-group elementor-column elementor-field-group-name elementor-col-100 elementor-field-required\">\n\t\t\t\t\t\t\t\t\t\t\t\t<label for=\"form-field-name\" class=\"elementor-field-label elementor-screen-only\">\n\t\t\t\t\t\t\t\tnombre\t\t\t\t\t\t\t<\/label>\n\t\t\t\t\t\t\t\t\t\t\t\t\t\t<input size=\"1\" type=\"text\" name=\"form_fields[name]\" id=\"form-field-name\" class=\"elementor-field elementor-size-sm  elementor-field-textual\" placeholder=\"NOM*\" required=\"required\">\n\t\t\t\t\t\t\t\t\t\t\t<\/div>\n\t\t\t\t\t\t\t\t<div class=\"elementor-field-type-text elementor-field-group elementor-column elementor-field-group-field_e556812 elementor-col-100 elementor-field-required\">\n\t\t\t\t\t\t\t\t\t\t\t\t<label for=\"form-field-field_e556812\" class=\"elementor-field-label elementor-screen-only\">\n\t\t\t\t\t\t\t\tapellido\t\t\t\t\t\t\t<\/label>\n\t\t\t\t\t\t\t\t\t\t\t\t\t\t<input size=\"1\" type=\"text\" name=\"form_fields[field_e556812]\" id=\"form-field-field_e556812\" class=\"elementor-field elementor-size-sm  elementor-field-textual\" placeholder=\"COGNOMS*\" required=\"required\">\n\t\t\t\t\t\t\t\t\t\t\t<\/div>\n\t\t\t\t\t\t\t\t<div class=\"elementor-field-type-email elementor-field-group elementor-column elementor-field-group-email elementor-col-100 elementor-field-required\">\n\t\t\t\t\t\t\t\t\t\t\t\t<label for=\"form-field-email\" class=\"elementor-field-label elementor-screen-only\">\n\t\t\t\t\t\t\t\temail\t\t\t\t\t\t\t<\/label>\n\t\t\t\t\t\t\t\t\t\t\t\t\t\t<input size=\"1\" type=\"email\" name=\"form_fields[email]\" id=\"form-field-email\" class=\"elementor-field elementor-size-sm  elementor-field-textual\" placeholder=\"ADRE\u00c7A ELECTR\u00d2NICA*\" required=\"required\">\n\t\t\t\t\t\t\t\t\t\t\t<\/div>\n\t\t\t\t\t\t\t\t<div class=\"elementor-field-type-text elementor-field-group elementor-column elementor-field-group-field_339dc35 elementor-col-100 elementor-field-required\">\n\t\t\t\t\t\t\t\t\t\t\t\t<label for=\"form-field-field_339dc35\" class=\"elementor-field-label elementor-screen-only\">\n\t\t\t\t\t\t\t\tempresa\t\t\t\t\t\t\t<\/label>\n\t\t\t\t\t\t\t\t\t\t\t\t\t\t<input size=\"1\" type=\"text\" name=\"form_fields[field_339dc35]\" id=\"form-field-field_339dc35\" class=\"elementor-field elementor-size-sm  elementor-field-textual\" placeholder=\"EMPRESA\" required=\"required\">\n\t\t\t\t\t\t\t\t\t\t\t<\/div>\n\t\t\t\t\t\t\t\t<div class=\"elementor-field-type-select elementor-field-group elementor-column elementor-field-group-interestedIn elementor-col-100 elementor-field-required\">\n\t\t\t\t\t\t\t\t\t\t\t\t<label for=\"form-field-interestedIn\" class=\"elementor-field-label elementor-screen-only\">\n\t\t\t\t\t\t\t\tinteresado-en\t\t\t\t\t\t\t<\/label>\n\t\t\t\t\t\t\t\t<div class=\"elementor-field elementor-select-wrapper remove-before \">\n\t\t\t<div class=\"select-caret-down-wrapper\">\n\t\t\t\t<i aria-hidden=\"true\" class=\"eicon-caret-down\"><\/i>\t\t\t<\/div>\n\t\t\t<select name=\"form_fields[interestedIn]\" id=\"form-field-interestedIn\" class=\"elementor-field-textual elementor-size-sm\" required=\"required\">\n\t\t\t\t\t\t\t\t\t<option value=\"valor0\">VULL REBRE INFORMACI\u00d3 SOBRE<\/option>\n\t\t\t\t\t\t\t\t\t<option value=\" Aviaci\u00f3\">Aviaci\u00f3<\/option>\n\t\t\t\t\t\t\t\t\t<option value=\" Capital Risc\">Capital Risc<\/option>\n\t\t\t\t\t\t\t\t\t<option value=\" Compliance i govern corporatiu\">Compliance i govern corporatiu<\/option>\n\t\t\t\t\t\t\t\t\t<option value=\" Construcci\u00f3\">Construcci\u00f3<\/option>\n\t\t\t\t\t\t\t\t\t<option value=\" Contractaci\u00f3 del sector p\u00fablic\">Contractaci\u00f3 del sector p\u00fablic<\/option>\n\t\t\t\t\t\t\t\t\t<option value=\" Esport i entreteniment\">Esport i entreteniment<\/option>\n\t\t\t\t\t\t\t\t\t<option value=\" Dret internacional privat\">Dret internacional privat<\/option>\n\t\t\t\t\t\t\t\t\t<option value=\" Dret p\u00fablic\">Dret p\u00fablic<\/option>\n\t\t\t\t\t\t\t\t\t<option value=\" Empresa familiar\">Empresa familiar<\/option>\n\t\t\t\t\t\t\t\t\t<option value=\" Espai\">Espai<\/option>\n\t\t\t\t\t\t\t\t\t<option value=\" Fiscal\">Fiscal<\/option>\n\t\t\t\t\t\t\t\t\t<option value=\" Fusions i adquisicions\">Fusions i adquisicions<\/option>\n\t\t\t\t\t\t\t\t\t<option value=\" Gaming\">Gaming<\/option>\n\t\t\t\t\t\t\t\t\t<option value=\" German Desk\">German Desk<\/option>\n\t\t\t\t\t\t\t\t\t<option value=\" Infraestructures i Project Finance\">Infraestructures i Project Finance<\/option>\n\t\t\t\t\t\t\t\t\t<option value=\" Immobiliari\">Immobiliari<\/option>\n\t\t\t\t\t\t\t\t\t<option value=\" Innovaci\u00f3 i emprenedors\">Innovaci\u00f3 i emprenedors<\/option>\n\t\t\t\t\t\t\t\t\t<option value=\" Italian Desk\">Italian Desk<\/option>\n\t\t\t\t\t\t\t\t\t<option value=\" Jurisdicci\u00f3 comptable\">Jurisdicci\u00f3 comptable<\/option>\n\t\t\t\t\t\t\t\t\t<option value=\" Laboral\">Laboral<\/option>\n\t\t\t\t\t\t\t\t\t<option value=\" Litigaci\u00f3 i arbitratge\">Litigaci\u00f3 i arbitratge<\/option>\n\t\t\t\t\t\t\t\t\t<option value=\" Mercantil\">Mercantil<\/option>\n\t\t\t\t\t\t\t\t\t<option value=\" Private Client &amp; Wealth Management\">Private Client &amp; Wealth Management<\/option>\n\t\t\t\t\t\t\t\t\t<option value=\" Propietat industrial i intel\u00b7lectual\">Propietat industrial i intel\u00b7lectual<\/option>\n\t\t\t\t\t\t\t\t\t<option value=\" Qu\u00edmic, farmac\u00e8utic i sanitari\">Qu\u00edmic, farmac\u00e8utic i sanitari<\/option>\n\t\t\t\t\t\t\t\t\t<option value=\" Reclamacions massives\">Reclamacions massives<\/option>\n\t\t\t\t\t\t\t\t\t<option value=\" Reestructuraci\u00f3 i insolv\u00e8ncia\">Reestructuraci\u00f3 i insolv\u00e8ncia<\/option>\n\t\t\t\t\t\t\t\t\t<option value=\" Sectors regulats\">Sectors regulats<\/option>\n\t\t\t\t\t\t\t\t\t<option value=\" Tecnologia, mitjans i telecomunicacions (TMT)\">Tecnologia, mitjans i telecomunicacions (TMT)<\/option>\n\t\t\t\t\t\t\t\t\t<option value=\" Transport i log\u00edstica\">Transport i log\u00edstica<\/option>\n\t\t\t\t\t\t\t\t\t<option value=\" Turisme i lleure\">Turisme i lleure<\/option>\n\t\t\t\t\t\t\t<\/select>\n\t\t<\/div>\n\t\t\t\t\t\t<\/div>\n\t\t\t\t\t\t\t\t<div class=\"elementor-field-type-select elementor-field-group elementor-column elementor-field-group-field_c6b9ff5 elementor-col-100 elementor-field-required\">\n\t\t\t\t\t\t\t\t\t\t\t\t<label for=\"form-field-field_c6b9ff5\" class=\"elementor-field-label elementor-screen-only\">\n\t\t\t\t\t\t\t\tidioma\t\t\t\t\t\t\t<\/label>\n\t\t\t\t\t\t\t\t<div class=\"elementor-field elementor-select-wrapper remove-before \">\n\t\t\t<div class=\"select-caret-down-wrapper\">\n\t\t\t\t<i aria-hidden=\"true\" class=\"eicon-caret-down\"><\/i>\t\t\t<\/div>\n\t\t\t<select name=\"form_fields[field_c6b9ff5]\" id=\"form-field-field_c6b9ff5\" class=\"elementor-field-textual elementor-size-sm\" required=\"required\">\n\t\t\t\t\t\t\t\t\t<option value=\"valor0\">IDIOMA<\/option>\n\t\t\t\t\t\t\t\t\t<option value=\"espa\u00f1ol\">ESPA\u00d1OL<\/option>\n\t\t\t\t\t\t\t\t\t<option value=\"catal\u00e0\">CATAL\u00c0<\/option>\n\t\t\t\t\t\t\t\t\t<option value=\"english\">ENGLISH<\/option>\n\t\t\t\t\t\t\t<\/select>\n\t\t<\/div>\n\t\t\t\t\t\t<\/div>\n\t\t\t\t\t\t\t\t<div class=\"elementor-field-type-html elementor-field-group elementor-column elementor-field-group-field_5e5e504 elementor-col-100\">\n\t\t\t\t\t<p class=\"newsletterInfo\"><strong>INFORMACI\u00d3 B\u00c0SICA DE PROTECCI\u00d3 DE DADES:<\/strong>\n<br>\n\n<strong>Responsable del tractament:<\/strong> Augusta Abogados, S.L.P. <a style=\"text-decoration: underline\" href=\"https:\/\/augustaabogados.com\/ca\/politica-de-privacitat\/\">+info.<\/a>\n<br>\n\n<strong>Finalitat:<\/strong> enviament de newsletters i comunicacions comercials electr\u00f2niques peri\u00f2diques en relaci\u00f3 amb informaci\u00f3, activitats, novetats, esdeveniments i not\u00edcies relatives al despatx o al sector jur\u00eddic que puguin ser d\u2019inter\u00e8s de l\u2019usuari.\n<br>\n\n<strong>Legitimitat:<\/strong> el consentiment atorgat en marcar la casella indicada en aquest formulari <a style=\"text-decoration: underline\" href=\"https:\/\/augustaabogados.com\/ca\/politica-de-privacitat\/\">+info<\/a>.\n<br>\n\n<strong>Destinataris:<\/strong> No es preveu la cessi\u00f3 de les dades personals a tercers... <a style=\"text-decoration: underline\" href=\"https:\/\/augustaabogados.com\/ca\/politica-de-privacitat\/\">+info.<\/a>\n<br>\n\n<strong>Drets:<\/strong> els drets reconeguts a la normativa de protecci\u00f3 de dades o revocaci\u00f3 del consentiment que es detallen a la <a style=\"text-decoration: underline\" href=\"https:\/\/augustaabogados.com\/ca\/politica-de-privacitat\/\">pol\u00edtica de<\/a> privacitat.\n<br>\n\nInformaci\u00f3 addicional: podeu consultar la informaci\u00f3 addicional i detallada sobre la protecci\u00f3 de dades <a style=\"text-decoration: underline\" href=\"https:\/\/augustaabogados.com\/ca\/politica-de-privacitat\/\">aqu\u00ed.<\/a><\/p>\t\t\t\t<\/div>\n\t\t\t\t\t\t\t\t<div class=\"elementor-field-type-acceptance elementor-field-group elementor-column elementor-field-group-privacyAcceptance elementor-col-100 elementor-field-required\">\n\t\t\t\t\t\t\t\t\t\t\t\t<label for=\"form-field-privacyAcceptance\" class=\"elementor-field-label elementor-screen-only\">\n\t\t\t\t\t\t\t\tacceptaci\u00f3\t\t\t\t\t\t\t<\/label>\n\t\t\t\t\t\t\t\t<div class=\"elementor-field-subgroup\">\n\t\t\t<span class=\"elementor-field-option\">\n\t\t\t\t<input type=\"checkbox\" name=\"form_fields[privacyAcceptance]\" id=\"form-field-privacyAcceptance\" class=\"elementor-field elementor-size-sm  elementor-acceptance-field\" required=\"required\">\n\t\t\t\t<label for=\"form-field-privacyAcceptance\">Accepto la <a href=\"https:\/\/augustaabogados.com\/ca\/politica-de-privacitat\/\">pol\u00edtica de privacitat<\/a><\/label>\t\t\t<\/span>\n\t\t<\/div>\n\t\t\t\t\t\t<\/div>\n\t\t\t\t\t\t\t\t<div class=\"elementor-field-group elementor-column elementor-field-type-submit elementor-col-100 e-form__buttons\">\n\t\t\t\t\t<button class=\"elementor-button elementor-size-sm\" type=\"submit\">\n\t\t\t\t\t\t<span class=\"elementor-button-content-wrapper\">\n\t\t\t\t\t\t\t\t\t\t\t\t\t\t\t\t\t\t\t\t\t\t<span class=\"elementor-button-text\">ENVIA<\/span>\n\t\t\t\t\t\t\t\t\t\t\t\t\t<\/span>\n\t\t\t\t\t<\/button>\n\t\t\t\t<\/div>\n\t\t\t<\/div>\n\t\t<\/form>\n\t\t\t\t\t\t<\/div>\n\t\t\t\t<\/div>\n\t\t\t\t\t<\/div>\n\t\t<\/div>\n\t\t\t\t\t<\/div>\n\t\t<\/section>\n\t\t\t\t<\/div>\n\t\t","protected":false},"excerpt":{"rendered":"<p>Subscriu-te a les nostres newsletters Subscriu-t\u2019hi<\/p>\n","protected":false},"author":2,"featured_media":0,"parent":0,"menu_order":0,"comment_status":"closed","ping_status":"closed","template":"","meta":{"content-type":"","site-sidebar-layout":"no-sidebar","site-content-layout":"page-builder","ast-site-content-layout":"full-width-container","site-content-style":"default","site-sidebar-style":"default","ast-global-header-display":"","ast-banner-title-visibility":"","ast-main-header-display":"","ast-hfb-above-header-display":"","ast-hfb-below-header-display":"","ast-hfb-mobile-header-display":"","site-post-title":"disabled","ast-breadcrumbs-content":"","ast-featured-img":"disabled","footer-sml-layout":"","ast-disable-related-posts":"","theme-transparent-header-meta":"default","adv-header-id-meta":"","stick-header-meta":"","header-above-stick-meta":"","header-main-stick-meta":"","header-below-stick-meta":"","astra-migrate-meta-layouts":"default","ast-page-background-enabled":"default","ast-page-background-meta":{"desktop":{"background-color":"var(--ast-global-color-4)","background-image":"","background-repeat":"repeat","background-position":"center center","background-size":"auto","background-attachment":"scroll","background-type":"","background-media":"","overlay-type":"","overlay-color":"","overlay-opacity":"","overlay-gradient":""},"tablet":{"background-color":"","background-image":"","background-repeat":"repeat","background-position":"center center","background-size":"auto","background-attachment":"scroll","background-type":"","background-media":"","overlay-type":"","overlay-color":"","overlay-opacity":"","overlay-gradient":""},"mobile":{"background-color":"","background-image":"","background-repeat":"repeat","background-position":"center center","background-size":"auto","background-attachment":"scroll","background-type":"","background-media":"","overlay-type":"","overlay-color":"","overlay-opacity":"","overlay-gradient":""}},"ast-content-background-meta":{"desktop":{"background-color":"var(--ast-global-color-5)","background-image":"","background-repeat":"repeat","background-position":"center center","background-size":"auto","background-attachment":"scroll","background-type":"","background-media":"","overlay-type":"","overlay-color":"","overlay-opacity":"","overlay-gradient":""},"tablet":{"background-color":"var(--ast-global-color-5)","background-image":"","background-repeat":"repeat","background-position":"center center","background-size":"auto","background-attachment":"scroll","background-type":"","background-media":"","overlay-type":"","overlay-color":"","overlay-opacity":"","overlay-gradient":""},"mobile":{"background-color":"var(--ast-global-color-5)","background-image":"","background-repeat":"repeat","background-position":"center center","background-size":"auto","background-attachment":"scroll","background-type":"","background-media":"","overlay-type":"","overlay-color":"","overlay-opacity":"","overlay-gradient":""}},"footnotes":""},"class_list":["post-15499","page","type-page","status-publish","hentry"],"acf":[],"yoast_head":"<!-- This site is optimized with the Yoast SEO plugin v27.4 - https:\/\/yoast.com\/product\/yoast-seo-wordpress\/ -->\n<title>Suscripci\u00f3n Newsletter - Augusta Abogados<\/title>\n<meta name=\"robots\" content=\"noindex, nofollow\" \/>\n<meta property=\"og:locale\" content=\"ca_ES\" \/>\n<meta property=\"og:type\" content=\"article\" \/>\n<meta property=\"og:title\" content=\"Suscripci\u00f3n Newsletter - Augusta Abogados\" \/>\n<meta property=\"og:description\" content=\"Subscriu-te a les nostres newsletters Subscriu-t\u2019hi\" \/>\n<meta property=\"og:url\" content=\"https:\/\/augustaabogados.com\/ca\/suscripcion-newsletter\/\" \/>\n<meta property=\"og:site_name\" content=\"Augusta Abogados\" \/>\n<meta property=\"article:modified_time\" content=\"2024-11-26T18:30:24+00:00\" \/>\n<meta name=\"twitter:card\" content=\"summary_large_image\" \/>\n<meta name=\"twitter:label1\" content=\"Temps estimat de lectura\" \/>\n\t<meta name=\"twitter:data1\" content=\"2 minuts\" \/>\n<script type=\"application\/ld+json\" class=\"yoast-schema-graph\">{\"@context\":\"https:\\\/\\\/schema.org\",\"@graph\":[{\"@type\":\"WebPage\",\"@id\":\"https:\\\/\\\/augustaabogados.com\\\/ca\\\/suscripcion-newsletter\\\/\",\"url\":\"https:\\\/\\\/augustaabogados.com\\\/ca\\\/suscripcion-newsletter\\\/\",\"name\":\"Suscripci\u00f3n Newsletter - Augusta Abogados\",\"isPartOf\":{\"@id\":\"https:\\\/\\\/augustaabogados.com\\\/#website\"},\"datePublished\":\"2023-12-22T16:59:51+00:00\",\"dateModified\":\"2024-11-26T18:30:24+00:00\",\"breadcrumb\":{\"@id\":\"https:\\\/\\\/augustaabogados.com\\\/ca\\\/suscripcion-newsletter\\\/#breadcrumb\"},\"inLanguage\":\"ca\",\"potentialAction\":[{\"@type\":\"ReadAction\",\"target\":[\"https:\\\/\\\/augustaabogados.com\\\/ca\\\/suscripcion-newsletter\\\/\"]}]},{\"@type\":\"BreadcrumbList\",\"@id\":\"https:\\\/\\\/augustaabogados.com\\\/ca\\\/suscripcion-newsletter\\\/#breadcrumb\",\"itemListElement\":[{\"@type\":\"ListItem\",\"position\":1,\"name\":\"Portada\",\"item\":\"https:\\\/\\\/augustaabogados.com\\\/ca\\\/\"},{\"@type\":\"ListItem\",\"position\":2,\"name\":\"Suscripci\u00f3n Newsletter\"}]},{\"@type\":\"WebSite\",\"@id\":\"https:\\\/\\\/augustaabogados.com\\\/#website\",\"url\":\"https:\\\/\\\/augustaabogados.com\\\/\",\"name\":\"Augusta Abogados\",\"description\":\"\",\"publisher\":{\"@id\":\"https:\\\/\\\/augustaabogados.com\\\/#organization\"},\"potentialAction\":[{\"@type\":\"SearchAction\",\"target\":{\"@type\":\"EntryPoint\",\"urlTemplate\":\"https:\\\/\\\/augustaabogados.com\\\/?s={search_term_string}\"},\"query-input\":{\"@type\":\"PropertyValueSpecification\",\"valueRequired\":true,\"valueName\":\"search_term_string\"}}],\"inLanguage\":\"ca\"},{\"@type\":\"Organization\",\"@id\":\"https:\\\/\\\/augustaabogados.com\\\/#organization\",\"name\":\"Augusta Abogados\",\"url\":\"https:\\\/\\\/augustaabogados.com\\\/\",\"logo\":{\"@type\":\"ImageObject\",\"inLanguage\":\"ca\",\"@id\":\"https:\\\/\\\/augustaabogados.com\\\/#\\\/schema\\\/logo\\\/image\\\/\",\"url\":\"https:\\\/\\\/augustaabogados.com\\\/wp-content\\\/uploads\\\/2023\\\/11\\\/LOGO-AUGUSTA.svg\",\"contentUrl\":\"https:\\\/\\\/augustaabogados.com\\\/wp-content\\\/uploads\\\/2023\\\/11\\\/LOGO-AUGUSTA.svg\",\"caption\":\"Augusta Abogados\"},\"image\":{\"@id\":\"https:\\\/\\\/augustaabogados.com\\\/#\\\/schema\\\/logo\\\/image\\\/\"}}]}<\/script>\n<!-- \/ Yoast SEO plugin. -->","yoast_head_json":{"title":"Suscripci\u00f3n Newsletter - Augusta Abogados","robots":{"index":"noindex","follow":"nofollow"},"og_locale":"ca_ES","og_type":"article","og_title":"Suscripci\u00f3n Newsletter - Augusta Abogados","og_description":"Subscriu-te a les nostres newsletters Subscriu-t\u2019hi","og_url":"https:\/\/augustaabogados.com\/ca\/suscripcion-newsletter\/","og_site_name":"Augusta Abogados","article_modified_time":"2024-11-26T18:30:24+00:00","twitter_card":"summary_large_image","twitter_misc":{"Temps estimat de lectura":"2 minuts"},"schema":{"@context":"https:\/\/schema.org","@graph":[{"@type":"WebPage","@id":"https:\/\/augustaabogados.com\/ca\/suscripcion-newsletter\/","url":"https:\/\/augustaabogados.com\/ca\/suscripcion-newsletter\/","name":"Suscripci\u00f3n Newsletter - Augusta Abogados","isPartOf":{"@id":"https:\/\/augustaabogados.com\/#website"},"datePublished":"2023-12-22T16:59:51+00:00","dateModified":"2024-11-26T18:30:24+00:00","breadcrumb":{"@id":"https:\/\/augustaabogados.com\/ca\/suscripcion-newsletter\/#breadcrumb"},"inLanguage":"ca","potentialAction":[{"@type":"ReadAction","target":["https:\/\/augustaabogados.com\/ca\/suscripcion-newsletter\/"]}]},{"@type":"BreadcrumbList","@id":"https:\/\/augustaabogados.com\/ca\/suscripcion-newsletter\/#breadcrumb","itemListElement":[{"@type":"ListItem","position":1,"name":"Portada","item":"https:\/\/augustaabogados.com\/ca\/"},{"@type":"ListItem","position":2,"name":"Suscripci\u00f3n Newsletter"}]},{"@type":"WebSite","@id":"https:\/\/augustaabogados.com\/#website","url":"https:\/\/augustaabogados.com\/","name":"Augusta Abogados","description":"","publisher":{"@id":"https:\/\/augustaabogados.com\/#organization"},"potentialAction":[{"@type":"SearchAction","target":{"@type":"EntryPoint","urlTemplate":"https:\/\/augustaabogados.com\/?s={search_term_string}"},"query-input":{"@type":"PropertyValueSpecification","valueRequired":true,"valueName":"search_term_string"}}],"inLanguage":"ca"},{"@type":"Organization","@id":"https:\/\/augustaabogados.com\/#organization","name":"Augusta Abogados","url":"https:\/\/augustaabogados.com\/","logo":{"@type":"ImageObject","inLanguage":"ca","@id":"https:\/\/augustaabogados.com\/#\/schema\/logo\/image\/","url":"https:\/\/augustaabogados.com\/wp-content\/uploads\/2023\/11\/LOGO-AUGUSTA.svg","contentUrl":"https:\/\/augustaabogados.com\/wp-content\/uploads\/2023\/11\/LOGO-AUGUSTA.svg","caption":"Augusta Abogados"},"image":{"@id":"https:\/\/augustaabogados.com\/#\/schema\/logo\/image\/"}}]}},"_links":{"self":[{"href":"https:\/\/augustaabogados.com\/ca\/wp-json\/wp\/v2\/pages\/15499","targetHints":{"allow":["GET"]}}],"collection":[{"href":"https:\/\/augustaabogados.com\/ca\/wp-json\/wp\/v2\/pages"}],"about":[{"href":"https:\/\/augustaabogados.com\/ca\/wp-json\/wp\/v2\/types\/page"}],"author":[{"embeddable":true,"href":"https:\/\/augustaabogados.com\/ca\/wp-json\/wp\/v2\/users\/2"}],"replies":[{"embeddable":true,"href":"https:\/\/augustaabogados.com\/ca\/wp-json\/wp\/v2\/comments?post=15499"}],"version-history":[{"count":8,"href":"https:\/\/augustaabogados.com\/ca\/wp-json\/wp\/v2\/pages\/15499\/revisions"}],"predecessor-version":[{"id":50660,"href":"https:\/\/augustaabogados.com\/ca\/wp-json\/wp\/v2\/pages\/15499\/revisions\/50660"}],"wp:attachment":[{"href":"https:\/\/augustaabogados.com\/ca\/wp-json\/wp\/v2\/media?parent=15499"}],"curies":[{"name":"wp","href":"https:\/\/api.w.org\/{rel}","templated":true}]}}