{"id":14110,"date":"2024-07-22T08:55:02","date_gmt":"2024-07-22T08:55:02","guid":{"rendered":"https:\/\/augustaabogados.com\/club\/els-protagonistes-del-club-augusta\/"},"modified":"2025-10-16T12:57:22","modified_gmt":"2025-10-16T12:57:22","slug":"els-protagonistes-del-club-augusta","status":"publish","type":"page","link":"https:\/\/augustaabogados.com\/club\/ca\/els-protagonistes-del-club-augusta\/","title":{"rendered":"Els protagonistes del Club Augusta"},"content":{"rendered":"\t\t<div data-elementor-type=\"wp-page\" data-elementor-id=\"14110\" class=\"elementor elementor-14110 elementor-14039\" data-elementor-post-type=\"page\">\n\t\t\t\t\t\t<section class=\"elementor-section elementor-top-section elementor-element elementor-element-98111e8 elementor-section-boxed elementor-section-height-default elementor-section-height-default\" data-id=\"98111e8\" data-element_type=\"section\" data-e-type=\"section\">\n\t\t\t\t\t\t<div class=\"elementor-container elementor-column-gap-default\">\n\t\t\t\t\t<div class=\"elementor-column elementor-col-100 elementor-top-column elementor-element elementor-element-a15e856\" data-id=\"a15e856\" data-element_type=\"column\" data-e-type=\"column\">\n\t\t\t<div class=\"elementor-widget-wrap elementor-element-populated\">\n\t\t\t\t\t\t<div class=\"elementor-element elementor-element-30180ea elementor-widget elementor-widget-heading\" data-id=\"30180ea\" data-element_type=\"widget\" data-e-type=\"widget\" data-widget_type=\"heading.default\">\n\t\t\t\t<div class=\"elementor-widget-container\">\n\t\t\t\t\t<h2 class=\"elementor-heading-title elementor-size-default\"><br><br>Els protagonistes del Club Augusta<\/h2>\t\t\t\t<\/div>\n\t\t\t\t<\/div>\n\t\t\t\t\t<\/div>\n\t\t<\/div>\n\t\t\t\t\t<\/div>\n\t\t<\/section>\n\t\t\t\t<section class=\"elementor-section elementor-top-section elementor-element elementor-element-8d8027b elementor-section-boxed elementor-section-height-default elementor-section-height-default\" data-id=\"8d8027b\" data-element_type=\"section\" data-e-type=\"section\">\n\t\t\t\t\t\t<div class=\"elementor-container elementor-column-gap-default\">\n\t\t\t\t\t<div class=\"elementor-column elementor-col-100 elementor-top-column elementor-element elementor-element-b9faee9\" data-id=\"b9faee9\" data-element_type=\"column\" data-e-type=\"column\">\n\t\t\t<div class=\"elementor-widget-wrap elementor-element-populated\">\n\t\t\t\t\t\t<div class=\"elementor-element elementor-element-e4e7386 elementor-widget elementor-widget-text-editor\" data-id=\"e4e7386\" data-element_type=\"widget\" data-e-type=\"widget\" data-widget_type=\"text-editor.default\">\n\t\t\t\t<div class=\"elementor-widget-container\">\n\t\t\t\t\t\t\t\t\t<p><b style=\"font-style: inherit; background-color: var(--ast-global-color-5);\">&nbsp;<\/b><\/p>\n<p><b style=\"font-style: inherit; background-color: var(--ast-global-color-5);\">Cristian Pascual<\/b><span style=\"font-style: inherit; font-weight: inherit; background-color: var(--ast-global-color-5);\"> | Fundador i CEO de MEDIKTOR i president del Barcelona Health Hub<\/span><\/p>\n<p><i>Fundaci\u00f3 i hist\u00f2ria de Mediktor, eina de triatge de pacients i pre-identificaci\u00f3 de malalties en la intel\u00b7lig\u00e8ncia artificial<\/i><\/p>\n<p><i>&nbsp;<\/i><\/p>\n<p><b>Christian Meyer<\/b> | CEO i fundador de BEXFY<\/p>\n<p><i>Creaci\u00f3 i hist\u00f2ria de BEXFY. El m\u00f3n de la moda tant en un entorn digital com a la botiga tradicional <\/i><\/p>\n<p><i>&nbsp;<\/i><\/p>\n<p><b>Gabriel Jen\u00e9 Llabr\u00e9s<\/b> | CEO de La Mallorquina i President de Barcelona Oberta<\/p>\n<p><i>El comer\u00e7 tradicional davant els nous temps: nous h\u00e0bits de consum i digitalitzaci\u00f3<\/i><\/p>\n<p><i>&nbsp;<\/i><\/p>\n<p><b>Enrique Mart\u00ednez Laguna<\/b> | President del RETAIL en CBRE per a Europa i Vicepresident CBRE a Espanya<\/p>\n<p><i>El shopping com a experi\u00e8ncia, la seva compatibilitat amb el comer\u00e7 digital i l&#8217;impacte en el mercat immobiliari<\/i><\/p>\n<p><i>&nbsp;<\/i><\/p>\n<p><b>Anna Puigdevall Sagrera<\/b> | Gerent de l\u2019Associaci\u00f3 d\u2019Agents Immobiliaris de Catalunya<\/p>\n<p><i>El canvi operatiu i l&#8217;evoluci\u00f3 del mercat immobiliari arran de la situaci\u00f3 derivada del COVID-19<\/i><\/p>\n<p><i>&nbsp;<\/i><\/p>\n<p><b>Juan Costa Climent<\/b> | Diputat al Congr\u00e9s, Ministre de Ci\u00e8ncia i Tecnologia, Secretari d&#8217;Estat de Comer\u00e7, Secretari d&#8217;Estat d&#8217;Hisenda, Conseller del FMI, responsable mundial d&#8217;una Big4 dels serveis de canvi clim\u00e0tic<\/p>\n<p><i>Multicapitalisme: Nous elements de mesurament del progr\u00e9s econ\u00f2mic en l&#8217;\u00e8poca post-covid<\/i><\/p>\n<p><i>&nbsp;<\/i><\/p>\n<p><b>Steve Bremner<\/b> | C\u00f2nsol d&#8217;Assumptes Pol\u00edtics &#8211; Consulate General of the United States of America<\/p>\n<p><i>El sistema electoral americ\u00e0 i la formulaci\u00f3 de la pol\u00edtica exterior dels Estats Units<\/i><\/p>\n<p><i>&nbsp;<\/i><\/p>\n<p><b>Neus Gin\u00e9<\/b> | CEO de Next Point Socimi<\/p>\n<p><i>Socimis: vehicles d\u2019inversi\u00f3 eficients dins del sector immobiliari<\/i><\/p>\n<p><i>&nbsp;<\/i><\/p>\n<p><b>Cristian Rovira<\/b> | Vicepresident de Grup Sifu<\/p>\n<p><i>De la discapacitat a la \u201cs\u00faper-capacitat\u201d<\/i><\/p>\n<p><i>&nbsp;<\/i><\/p>\n<p><b>Sergio Mart\u00ednez Campos<\/b> | CEO Hispano Suiza Cars<\/p>\n<p><i>Mobilitat el\u00e8ctrica i el renaixement de la icona Hispana Su\u00efssa<\/i><\/p>\n<p><i>&nbsp;<\/i><\/p>\n<p><b>Enrique Tombas<\/b> | Soci fundador de Suma Capital<\/p>\n<p><i>Aproximaci\u00f3 als \u201cprivate equities\u201d<\/i><\/p>\n<p><i>&nbsp;<\/i><\/p>\n<p><b>Sebastian Ross<\/b> | President de Capitalisme Conscient Espanya &#8211; IESE<\/p>\n<p><i>Bases i fonaments del Capitalisme Conscient<\/i><\/p>\n<p><i>&nbsp;<\/i><\/p>\n<p><b>Jordi Garc\u00eda Vi\u00f1a<\/b> | Catedr\u00e0tic de Dret del Treball UB<b><\/b><\/p>\n<p><b>Gerard Luj\u00e1n Rossell<\/b> | Inspector de Treball i Seguretat Social<\/p>\n<p><i>Implicacions de la reforma laboral per a les empreses (primera pon\u00e8ncia)<\/i><\/p>\n<p><i>&nbsp;<\/i><\/p>\n<p><span style=\"font-style: inherit; background-color: var(--ast-global-color-5);\"><b>Nat\u00e0lia Anguera <\/b><\/span><span style=\"font-style: inherit; font-weight: inherit; background-color: var(--ast-global-color-5);\">| Directora d&#8217;ACNUR<\/span><\/p>\n<p><b>Vicente Escribano<\/b> | Exdirector de log\u00edstica y aprovisionamiento d&#8217;ACNUR<\/p>\n<p><i>Les activitats d&#8217;ACNUR<\/i><\/p>\n<p><i>&nbsp;<\/i><\/p>\n<p><b>Javier Ortega Figueira<\/b> | Periodista i consultor expert en el sector aeron\u00e0utic.<\/p>\n<p><i>Hist\u00f2ria i hist\u00f2ries de l&#8217;aeroport de Barcelona<\/i><\/p>\n<p><i>&nbsp;<\/i><\/p>\n<p><b><i>Carlos Nueno<\/i><\/b> | President de Teladoc, empresa l\u00edder en atenci\u00f3 m\u00e8dica virtual<\/p>\n<p><i>Digitalitzaci\u00f3 i salut<\/i><\/p>\n<p><i>&nbsp;<\/i><\/p>\n<p><b>Pablo Linz<\/b> | Fundador i CEO d&#8217;Immfly<\/p>\n<p><i>La transformaci\u00f3 de l&#8217;experi\u00e8ncia en els viatges d&#8217;avi\u00f3 ve de Barcelona<\/i><\/p>\n<p><i>&nbsp;<\/i><\/p>\n<p><b>Juan Salsas Sala<\/b> | Conseller delegat de Enertrade<\/p>\n<p><i>Com entendre els mercats de l&#8217;energia?<\/i><\/p>\n<p><i>&nbsp;<\/i><\/p>\n<p><b>Julian Clec\u2019h <\/b>| Director del Gabinet del Secretari General de la Uni\u00f3 pel Mediterraneo<\/p>\n<p><i>Reptes i oportunitats al Mediterrani<\/i><\/p>\n<p><i>&nbsp;<\/i><\/p>\n<p><b>Josep S\u00e1nchez-Llibre<\/b><i> | <\/i>President de Foment del Treball Nacional<\/p>\n<p><i>Reptes i desafiaments de l&#8217;empresa a Catalunya<\/i><\/p>\n<p><b><span lang=\"SV\">Benjamin Newland <\/span><\/b><span lang=\"SV\">| Fundador de Newland Ventures LLC<\/span><\/p>\n<p><i>Crear una empresa, crear un bufet d&#8217;advocats i construir una carrera jur\u00eddica<\/i><\/p>\n<p><i>&nbsp;<\/i><\/p>\n<p><b>Roser Roca<\/b> | Directora General y CEO Airbus DS GEO SGSA<\/p>\n<p><i>Lideratge femen\u00ed d&#8217;una multinacional des de Barcelona<\/i><\/p>\n<p><i>&nbsp;<\/i><\/p>\n<p><b>\u00d2scar Ram\u00edrez<\/b> | Gestor de Patrimonis i M\u00e0ster en IA i Inversions<\/p>\n<p><i>Intel\u00b7lig\u00e8ncia artificial vs. Intel\u00b7lig\u00e8ncia humana<\/i><\/p>\n<p><i style=\"font-weight: inherit; background-color: var(--ast-global-color-5);\"><b>&nbsp;<\/b><\/i><\/p>\n<p><i style=\"font-weight: inherit; background-color: var(--ast-global-color-5);\"><b>Valerii Pikhonov | <\/b>En primera l\u00ednia de foc defensant a Ucra\u00efna enfront de la invasi\u00f3 de l&#8217;ex\u00e8rcit de R\u00fassia<\/i><\/p>\n<p><i>&nbsp;<\/i><\/p>\n<p><i>L&#8217;altra cara (humana) del conflicte R\u00fassia-Ucra\u00efna<\/i><\/p>\n<p><b style=\"font-style: inherit; background-color: var(--ast-global-color-5);\">&nbsp;<\/b><\/p>\n<p><b style=\"font-style: inherit; background-color: var(--ast-global-color-5);\">Dante Lauretta<\/b><span style=\"font-style: inherit; font-weight: inherit; background-color: var(--ast-global-color-5);\"> | Professor de la Universitat d&#8217;Arizona i cient\u00edfic per les seves contribucions a la ci\u00e8ncia planet\u00e0ria i l&#8217;astrobiologia<\/span><\/p>\n<p><i>L&#8217;origen de la vida i de l&#8217;univers<\/i><\/p>\n<p><i>&nbsp;<\/i><\/p>\n<p><i>&nbsp;<\/i><b style=\"font-style: inherit; background-color: var(--ast-global-color-5);\">Albert Vilumara<\/b><span style=\"font-style: inherit; font-weight: inherit; background-color: var(--ast-global-color-5);\">: Director corporatiu d&#8217;ACE Barcelona, empresa responsable de la 37\u00aa America&#8217;s Cup a Barcelona.<\/span><\/p>\n<p><i>Darrera la Copa Am\u00e8rica: reptes i estrat\u00e8gies d&#8217;un esdeveniment global<\/i><\/p>\n<p><i>&nbsp;<\/i><\/p>\n<p><strong>Susana Prado<\/strong> |&nbsp;General&nbsp;Manager&nbsp;Inetum&nbsp;Catalonia&nbsp;i presidenta del 22@network Barcelona<\/p>\n<p><em>Del repte a l&#8217;oportunitat: la digitalitzaci\u00f3 en l&#8217;empresa<\/em><\/p>\n<p><em><br><\/em><\/p>\n<p style=\"font-size: 16px; font-style: normal; font-weight: 400;\"><span style=\"font-weight: bold;\">Isabel Cervantes&nbsp;<\/span>| Advocada responsable de Legal Innovation a Volkswagen Group<\/p>\n<p style=\"font-size: 16px; font-style: normal; font-weight: 400;\"><i>Innovaci\u00f3 legal in-house: cap a un nou model de departament jur\u00eddic<\/i><\/p>\n<p style=\"font-size: 16px; font-style: normal; font-weight: 400;\"><i><br><\/i><\/p>\n<p style=\"font-size: 16px; font-style: normal; font-weight: 400;\"><span style=\"font-weight: bold;\">Eva D\u00edaz&nbsp;<\/span>| CEO de Shaping The New<\/p>\n<p style=\"font-size: 16px; font-style: normal; font-weight: 400;\"><i>Emprenedoria S\u00e8nior: experi\u00e8ncia al servei de la innovaci\u00f3<\/i><\/p>\n<p style=\"font-size: 16px; font-style: normal; font-weight: 400;\"><br><\/p>\n<p style=\"font-size: 16px; font-style: normal; font-weight: 400;\"><span style=\"font-weight: bold;\">Elena Rico&nbsp;<\/span>| Socia d&#8217;Impact Partners Ib\u00e8rica i presidenta de SpainCap<\/p>\n<p style=\"font-size: 16px; font-style: normal; font-weight: 400;\"><span style=\"font-weight: bold;\">Jos\u00e9 Mar\u00eda Batalla&nbsp;<\/span>| Fundador de La Casa de Carlota i director de Sostenibilitat a Roman<\/p>\n<p style=\"font-size: 16px; font-style: normal; font-weight: 400;\"><i style=\"font-size: 1rem;\">L&#8217;impacte es negoci: Com cr\u00e9ixer amb prop\u00f2sit<\/i><\/p>\n<p style=\"font-size: 16px; font-style: normal; font-weight: 400;\"><br><\/p>\t\t\t\t\t\t\t\t<\/div>\n\t\t\t\t<\/div>\n\t\t\t\t\t<\/div>\n\t\t<\/div>\n\t\t\t\t\t<\/div>\n\t\t<\/section>\n\t\t\t\t<\/div>\n\t\t","protected":false},"excerpt":{"rendered":"<p>Els protagonistes del Club Augusta &nbsp; Cristian Pascual | Fundador i CEO de MEDIKTOR i president del Barcelona Health Hub Fundaci\u00f3 i hist\u00f2ria de Mediktor, eina de triatge de pacients i pre-identificaci\u00f3 de malalties en la intel\u00b7lig\u00e8ncia artificial &nbsp; Christian Meyer | CEO i fundador de BEXFY Creaci\u00f3 i hist\u00f2ria de BEXFY. El m\u00f3n de [&hellip;]<\/p>\n","protected":false},"author":1,"featured_media":0,"parent":0,"menu_order":0,"comment_status":"closed","ping_status":"closed","template":"","meta":{"site-sidebar-layout":"no-sidebar","site-content-layout":"page-builder","ast-site-content-layout":"full-width-container","site-content-style":"default","site-sidebar-style":"default","ast-global-header-display":"","ast-banner-title-visibility":"","ast-main-header-display":"","ast-hfb-above-header-display":"","ast-hfb-below-header-display":"","ast-hfb-mobile-header-display":"","site-post-title":"disabled","ast-breadcrumbs-content":"","ast-featured-img":"disabled","footer-sml-layout":"","theme-transparent-header-meta":"default","adv-header-id-meta":"","stick-header-meta":"","header-above-stick-meta":"","header-main-stick-meta":"","header-below-stick-meta":"","astra-migrate-meta-layouts":"default","ast-page-background-enabled":"default","ast-page-background-meta":{"desktop":{"background-color":"var(--ast-global-color-4)","background-image":"","background-repeat":"repeat","background-position":"center center","background-size":"auto","background-attachment":"scroll","background-type":"","background-media":"","overlay-type":"","overlay-color":"","overlay-opacity":"","overlay-gradient":""},"tablet":{"background-color":"","background-image":"","background-repeat":"repeat","background-position":"center center","background-size":"auto","background-attachment":"scroll","background-type":"","background-media":"","overlay-type":"","overlay-color":"","overlay-opacity":"","overlay-gradient":""},"mobile":{"background-color":"","background-image":"","background-repeat":"repeat","background-position":"center center","background-size":"auto","background-attachment":"scroll","background-type":"","background-media":"","overlay-type":"","overlay-color":"","overlay-opacity":"","overlay-gradient":""}},"ast-content-background-meta":{"desktop":{"background-color":"var(--ast-global-color-5)","background-image":"","background-repeat":"repeat","background-position":"center center","background-size":"auto","background-attachment":"scroll","background-type":"","background-media":"","overlay-type":"","overlay-color":"","overlay-opacity":"","overlay-gradient":""},"tablet":{"background-color":"var(--ast-global-color-5)","background-image":"","background-repeat":"repeat","background-position":"center center","background-size":"auto","background-attachment":"scroll","background-type":"","background-media":"","overlay-type":"","overlay-color":"","overlay-opacity":"","overlay-gradient":""},"mobile":{"background-color":"var(--ast-global-color-5)","background-image":"","background-repeat":"repeat","background-position":"center center","background-size":"auto","background-attachment":"scroll","background-type":"","background-media":"","overlay-type":"","overlay-color":"","overlay-opacity":"","overlay-gradient":""}},"footnotes":""},"class_list":["post-14110","page","type-page","status-publish","hentry"],"acf":[],"yoast_head":"<!-- This site is optimized with the Yoast SEO plugin v27.1.1 - https:\/\/yoast.com\/product\/yoast-seo-wordpress\/ -->\n<title>Els protagonistes del Club Augusta - Club Augusta<\/title>\n<meta name=\"robots\" content=\"index, follow, max-snippet:-1, max-image-preview:large, max-video-preview:-1\" \/>\n<link rel=\"canonical\" href=\"https:\/\/augustaabogados.com\/club\/ca\/els-protagonistes-del-club-augusta\/\" \/>\n<meta property=\"og:locale\" content=\"ca_ES\" \/>\n<meta property=\"og:type\" content=\"article\" \/>\n<meta property=\"og:title\" content=\"Els protagonistes del Club Augusta - Club Augusta\" \/>\n<meta property=\"og:description\" content=\"Els protagonistes del Club Augusta &nbsp; Cristian Pascual | Fundador i CEO de MEDIKTOR i president del Barcelona Health Hub Fundaci\u00f3 i hist\u00f2ria de Mediktor, eina de triatge de pacients i pre-identificaci\u00f3 de malalties en la intel\u00b7lig\u00e8ncia artificial &nbsp; Christian Meyer | CEO i fundador de BEXFY Creaci\u00f3 i hist\u00f2ria de BEXFY. El m\u00f3n de [&hellip;]\" \/>\n<meta property=\"og:url\" content=\"https:\/\/augustaabogados.com\/club\/ca\/els-protagonistes-del-club-augusta\/\" \/>\n<meta property=\"og:site_name\" content=\"Club Augusta\" \/>\n<meta property=\"article:modified_time\" content=\"2025-10-16T12:57:22+00:00\" \/>\n<meta name=\"twitter:card\" content=\"summary_large_image\" \/>\n<meta name=\"twitter:label1\" content=\"Temps estimat de lectura\" \/>\n\t<meta name=\"twitter:data1\" content=\"4 minuts\" \/>\n<script type=\"application\/ld+json\" class=\"yoast-schema-graph\">{\"@context\":\"https:\/\/schema.org\",\"@graph\":[{\"@type\":\"WebPage\",\"@id\":\"https:\/\/augustaabogados.com\/club\/ca\/els-protagonistes-del-club-augusta\/\",\"url\":\"https:\/\/augustaabogados.com\/club\/ca\/els-protagonistes-del-club-augusta\/\",\"name\":\"Els protagonistes del Club Augusta - Club Augusta\",\"isPartOf\":{\"@id\":\"https:\/\/augustaabogados.com\/club\/ca\/#website\"},\"datePublished\":\"2024-07-22T08:55:02+00:00\",\"dateModified\":\"2025-10-16T12:57:22+00:00\",\"breadcrumb\":{\"@id\":\"https:\/\/augustaabogados.com\/club\/ca\/els-protagonistes-del-club-augusta\/#breadcrumb\"},\"inLanguage\":\"ca\",\"potentialAction\":[{\"@type\":\"ReadAction\",\"target\":[\"https:\/\/augustaabogados.com\/club\/ca\/els-protagonistes-del-club-augusta\/\"]}]},{\"@type\":\"BreadcrumbList\",\"@id\":\"https:\/\/augustaabogados.com\/club\/ca\/els-protagonistes-del-club-augusta\/#breadcrumb\",\"itemListElement\":[{\"@type\":\"ListItem\",\"position\":1,\"name\":\"Portada\",\"item\":\"https:\/\/augustaabogados.com\/club\/ca\/\"},{\"@type\":\"ListItem\",\"position\":2,\"name\":\"Els protagonistes del Club Augusta\"}]},{\"@type\":\"WebSite\",\"@id\":\"https:\/\/augustaabogados.com\/club\/ca\/#website\",\"url\":\"https:\/\/augustaabogados.com\/club\/ca\/\",\"name\":\"augusta abogados\",\"description\":\"\",\"publisher\":{\"@id\":\"https:\/\/augustaabogados.com\/club\/ca\/#organization\"},\"potentialAction\":[{\"@type\":\"SearchAction\",\"target\":{\"@type\":\"EntryPoint\",\"urlTemplate\":\"https:\/\/augustaabogados.com\/club\/ca\/?s={search_term_string}\"},\"query-input\":{\"@type\":\"PropertyValueSpecification\",\"valueRequired\":true,\"valueName\":\"search_term_string\"}}],\"inLanguage\":\"ca\"},{\"@type\":\"Organization\",\"@id\":\"https:\/\/augustaabogados.com\/club\/ca\/#organization\",\"name\":\"augusta abogados\",\"url\":\"https:\/\/augustaabogados.com\/club\/ca\/\",\"logo\":{\"@type\":\"ImageObject\",\"inLanguage\":\"ca\",\"@id\":\"https:\/\/augustaabogados.com\/club\/ca\/#\/schema\/logo\/image\/\",\"url\":\"https:\/\/augustaabogados.com\/club\/wp-content\/uploads\/2023\/12\/LOGO-CLUB-AUGUSTA.svg\",\"contentUrl\":\"https:\/\/augustaabogados.com\/club\/wp-content\/uploads\/2023\/12\/LOGO-CLUB-AUGUSTA.svg\",\"width\":288,\"height\":88,\"caption\":\"augusta abogados\"},\"image\":{\"@id\":\"https:\/\/augustaabogados.com\/club\/ca\/#\/schema\/logo\/image\/\"}}]}<\/script>\n<!-- \/ Yoast SEO plugin. -->","yoast_head_json":{"title":"Els protagonistes del Club Augusta - Club Augusta","robots":{"index":"index","follow":"follow","max-snippet":"max-snippet:-1","max-image-preview":"max-image-preview:large","max-video-preview":"max-video-preview:-1"},"canonical":"https:\/\/augustaabogados.com\/club\/ca\/els-protagonistes-del-club-augusta\/","og_locale":"ca_ES","og_type":"article","og_title":"Els protagonistes del Club Augusta - Club Augusta","og_description":"Els protagonistes del Club Augusta &nbsp; Cristian Pascual | Fundador i CEO de MEDIKTOR i president del Barcelona Health Hub Fundaci\u00f3 i hist\u00f2ria de Mediktor, eina de triatge de pacients i pre-identificaci\u00f3 de malalties en la intel\u00b7lig\u00e8ncia artificial &nbsp; Christian Meyer | CEO i fundador de BEXFY Creaci\u00f3 i hist\u00f2ria de BEXFY. El m\u00f3n de [&hellip;]","og_url":"https:\/\/augustaabogados.com\/club\/ca\/els-protagonistes-del-club-augusta\/","og_site_name":"Club Augusta","article_modified_time":"2025-10-16T12:57:22+00:00","twitter_card":"summary_large_image","twitter_misc":{"Temps estimat de lectura":"4 minuts"},"schema":{"@context":"https:\/\/schema.org","@graph":[{"@type":"WebPage","@id":"https:\/\/augustaabogados.com\/club\/ca\/els-protagonistes-del-club-augusta\/","url":"https:\/\/augustaabogados.com\/club\/ca\/els-protagonistes-del-club-augusta\/","name":"Els protagonistes del Club Augusta - Club Augusta","isPartOf":{"@id":"https:\/\/augustaabogados.com\/club\/ca\/#website"},"datePublished":"2024-07-22T08:55:02+00:00","dateModified":"2025-10-16T12:57:22+00:00","breadcrumb":{"@id":"https:\/\/augustaabogados.com\/club\/ca\/els-protagonistes-del-club-augusta\/#breadcrumb"},"inLanguage":"ca","potentialAction":[{"@type":"ReadAction","target":["https:\/\/augustaabogados.com\/club\/ca\/els-protagonistes-del-club-augusta\/"]}]},{"@type":"BreadcrumbList","@id":"https:\/\/augustaabogados.com\/club\/ca\/els-protagonistes-del-club-augusta\/#breadcrumb","itemListElement":[{"@type":"ListItem","position":1,"name":"Portada","item":"https:\/\/augustaabogados.com\/club\/ca\/"},{"@type":"ListItem","position":2,"name":"Els protagonistes del Club Augusta"}]},{"@type":"WebSite","@id":"https:\/\/augustaabogados.com\/club\/ca\/#website","url":"https:\/\/augustaabogados.com\/club\/ca\/","name":"augusta abogados","description":"","publisher":{"@id":"https:\/\/augustaabogados.com\/club\/ca\/#organization"},"potentialAction":[{"@type":"SearchAction","target":{"@type":"EntryPoint","urlTemplate":"https:\/\/augustaabogados.com\/club\/ca\/?s={search_term_string}"},"query-input":{"@type":"PropertyValueSpecification","valueRequired":true,"valueName":"search_term_string"}}],"inLanguage":"ca"},{"@type":"Organization","@id":"https:\/\/augustaabogados.com\/club\/ca\/#organization","name":"augusta abogados","url":"https:\/\/augustaabogados.com\/club\/ca\/","logo":{"@type":"ImageObject","inLanguage":"ca","@id":"https:\/\/augustaabogados.com\/club\/ca\/#\/schema\/logo\/image\/","url":"https:\/\/augustaabogados.com\/club\/wp-content\/uploads\/2023\/12\/LOGO-CLUB-AUGUSTA.svg","contentUrl":"https:\/\/augustaabogados.com\/club\/wp-content\/uploads\/2023\/12\/LOGO-CLUB-AUGUSTA.svg","width":288,"height":88,"caption":"augusta abogados"},"image":{"@id":"https:\/\/augustaabogados.com\/club\/ca\/#\/schema\/logo\/image\/"}}]}},"_links":{"self":[{"href":"https:\/\/augustaabogados.com\/club\/ca\/wp-json\/wp\/v2\/pages\/14110","targetHints":{"allow":["GET"]}}],"collection":[{"href":"https:\/\/augustaabogados.com\/club\/ca\/wp-json\/wp\/v2\/pages"}],"about":[{"href":"https:\/\/augustaabogados.com\/club\/ca\/wp-json\/wp\/v2\/types\/page"}],"author":[{"embeddable":true,"href":"https:\/\/augustaabogados.com\/club\/ca\/wp-json\/wp\/v2\/users\/1"}],"replies":[{"embeddable":true,"href":"https:\/\/augustaabogados.com\/club\/ca\/wp-json\/wp\/v2\/comments?post=14110"}],"version-history":[{"count":46,"href":"https:\/\/augustaabogados.com\/club\/ca\/wp-json\/wp\/v2\/pages\/14110\/revisions"}],"predecessor-version":[{"id":14831,"href":"https:\/\/augustaabogados.com\/club\/ca\/wp-json\/wp\/v2\/pages\/14110\/revisions\/14831"}],"wp:attachment":[{"href":"https:\/\/augustaabogados.com\/club\/ca\/wp-json\/wp\/v2\/media?parent=14110"}],"curies":[{"name":"wp","href":"https:\/\/api.w.org\/{rel}","templated":true}]}}